{"id":88,"date":"2020-11-01T18:55:26","date_gmt":"2020-11-01T18:55:26","guid":{"rendered":"https:\/\/kastens.net\/WPSub\/dokumentation\/?page_id=88"},"modified":"2020-12-12T21:52:57","modified_gmt":"2020-12-12T21:52:57","slug":"pakete","status":"publish","type":"page","link":"https:\/\/www.kastens.net\/WPSub\/dokumentation\/?page_id=88","title":{"rendered":"Pakete"},"content":{"rendered":"\n<h2 class=\"wp-block-heading\">Paketzentrum<\/h2>\n\n\n\n<p>Im Paketzentrum kann man einen Standardspeicherort f\u00fcr neu zu installierende Pakete festlegen. Ich lege daher ein Volumen mit 200 GB an (aktuell Volume 5) und nutze dieses. Die Reihenfolge unten stellt die Installationsreihenfolge dar.<\/p>\n\n\n\n<p>Wichtig: Der ssh Daemon sollte vor der Installation der Pakete aktiviert werden, damit man in der Verzeichnisstruktur pr\u00fcfen kann, ob die Pakete und deren Einstellungen an die richtige Stelle kommen.<\/p>\n\n\n\n<div class=\"wp-block-group\"><div class=\"wp-block-group__inner-container is-layout-flow wp-block-group-is-layout-flow\">\n<h2 class=\"wp-block-heading\">File Station<\/h2>\n\n\n\n<p>Ist direkt nach der Erstinstallation vorhanden. -&gt; Standard<\/p>\n<\/div><\/div>\n\n\n\n<div class=\"wp-block-group\"><div class=\"wp-block-group__inner-container is-layout-flow wp-block-group-is-layout-flow\">\n<h2 class=\"wp-block-heading\">Universal Search<\/h2>\n\n\n\n<p>Ist direkt nach der Erstinstallation vorhanden. Indiziert Dateien und zwar insbesondere die Teamordner und Drive Home Ordner aus dem Drive Server. Das f\u00fchrt bei meinen Datenmengen und der nicht ganz so starken DS zu echten Performance Problemen. <\/p>\n\n\n\n<p>Universal Search l\u00e4sst sich nicht deaktivieren, daher verzichte ich auf Drive (und damit auch Moments) und nutze stattdessen Cloud Station.<\/p>\n<\/div><\/div>\n\n\n\n<div class=\"wp-block-group\"><div class=\"wp-block-group__inner-container is-layout-flow wp-block-group-is-layout-flow\">\n<h2 class=\"wp-block-heading\">OAuth Service<\/h2>\n\n\n\n<p>Ist direkt nach der Erstinstallation vorhanden. Kann aber direkt deinstalliert werden, was ich auch mache.<\/p>\n\n\n\n<div class=\"wp-block-group\"><div class=\"wp-block-group__inner-container is-layout-flow wp-block-group-is-layout-flow\">\n<h2 class=\"wp-block-heading\">Hyper Backup<\/h2>\n\n\n\n<p>Installationsgrund: Zuerst einmal nur zur R\u00fccksicherung der Systemeinstellungen und der Pakete &#8211; konkrete Einrichtung der Datensicherung (Durch R\u00fccksicherung der Paketeinstellungen Hyperbackup) sp\u00e4ter.<\/p>\n\n\n\n<p>Paketinstallationsverzeichnis: \/volume5\/@appstore\/HyperBackup<br>Der Import der Einstellungen erfolgt erst am Ende der Grundeinrichtung aus der letzten Systemsicherung.<\/p>\n\n\n\n<p>Angelegt sind diverse Backups auf USBackup, dem angeschlossenen USB Laufwerk. Die wichtigsten:<br>Anwendungsdaten und Systemt\u00f6pfe auf BUAnwendungsdaten<br>Systemdaten auf Systemdaten (neu angelegt nur mit Applikationen).<br>F\u00fcr alle Backups ist die Benachrichtigung ausgeschaltet, da ich davon ausgehe, dass fehlerhafte Durchg\u00e4nge in jedem Fall gemeldet werden.<br>Hier werden aktuell die folgenden Anwendungen gesichert:<br>\u2022 DNS Server<br>\u2022 Hyper Backup<br>\u2022 LDAP Server<br>\u2022 MariaDB 10<br>\u2022 Note Station<br>\u2022 Synology Drive Server (ben\u00f6tigt gemeinsame Ordner: )<br>\u2022 Synology Anwendungspaketdienst<br>\u2022 WebStation<br>\u2022 Webdav Server<\/p>\n<\/div><\/div>\n<\/div><\/div>\n\n\n\n<div class=\"wp-block-group\"><div class=\"wp-block-group__inner-container is-layout-flow wp-block-group-is-layout-flow\">\n<h2 class=\"wp-block-heading\">LDAP Server<\/h2>\n\n\n\n<p>Installationsgrund: Die User der Diskstation sind in dem LDAP Server konfiguriert. lokal ist nur ein administrative User konfiguriert. Der LDAP Server bildet damit die Grundlage f\u00fcr alle Userzugriffe auf die Diskstation<\/p>\n\n\n\n<p>Paketinstallationsverzeichnis: \/volume5\/@appstore\/DirectoryServer<\/p>\n\n\n\n<p>Automatische Datensicherung ist im LDAP Server eingerichtet. Ziel ist der gemeinsame Ordner Datensicherung.<br>Sicherung des Paketes erfolgt in Hyperbackup. Zus\u00e4tzlich nutze ich die im Paket vorhandene Sicherungsm\u00f6glichkeit auf den frei gegebenen Ordner Datensicherung , der zus\u00e4tzlich in Hyperbackup gesichert wird.<br>Im LDAP Server sind derzeit die internen Konten der Kinder und der Eltern drin. Zus\u00e4tzlich die Gruppen Kastens und KastensKids f\u00fcr die Diskstation.<br>Daneben gibt es erste Versuche mit Gruppen f\u00fcr den Webauftritt Depression. Diese m\u00fcssen aber noch in den Web Paketen konfiguriert werden.<\/p>\n<\/div><\/div>\n\n\n\n<div class=\"wp-block-group\"><div class=\"wp-block-group__inner-container is-layout-flow wp-block-group-is-layout-flow\">\n<h2 class=\"wp-block-heading\">WebDav Server<\/h2>\n\n\n\n<p>Installationsgrund: \u00dcber Webdav erfolgt der Zugriff auf die Kalender (caldav). Dies ist eine der wichtigeren Funktionen f\u00fcr unsere Familie, daher so weit vorne in der Aktivierung.<\/p>\n\n\n\n<p>Webdav wurde installiert und die vorhandene Sicherung wurde eingespielt. Hat gut funktioniert. Nur die Kalender werden nicht wieder eingerichtet, was aber in der Doku dazu auch steht.<br>Kalenderfreigaben musste ich daher umbenennen (mit Suffix alt &#8211; oder alternativ verschieben, was einfacher ist), dann neu anlegen \u00fcber die webdav Funktion und dann die erzeugten Ordner ersetzen durch die zuvor verschobenen oder umbenannten<br>Prim\u00e4r ist Webdav auch das Behelfsmittel, um die Kalender von Au\u00dfen erreichbar und synchronisierbar zu machen.<\/p>\n\n\n\n<p>Installationsort: \/volume5\/@appstore\/WebDAVServer<\/p>\n\n\n\n<p>Paketdaten: \/volume5\/@webdav<\/p>\n\n\n\n<p>Hier kommt noch eine Tabelle der definierten Kalender.<\/p>\n<\/div><\/div>\n\n\n\n<div class=\"wp-block-group\"><div class=\"wp-block-group__inner-container is-layout-flow wp-block-group-is-layout-flow\">\n<h2 class=\"wp-block-heading\">Antivirus Essential<\/h2>\n\n\n\n<p>Habe ich jetzt installiert und das Update initiiert. Jetzt l\u00e4uft das erstmal in Dauerschleife. Hohe Speicher und CPU Auslastung. Nach ca. 50 Minuten ist die Virusdefinition aktuell und ich lasse einen Komplettscan laufen.<\/p>\n<\/div><\/div>\n\n\n\n<div class=\"wp-block-group\"><div class=\"wp-block-group__inner-container is-layout-flow wp-block-group-is-layout-flow\">\n<h2 class=\"wp-block-heading\">iSCSI Initiator<\/h2>\n\n\n\n<p>Nutze ich f\u00fcr die Bereitstellung des Laufwerks Steuer. Dabei handelt es sich um die USB Stick Version der Steuersparerkl\u00e4rung und als normale Laufwerksfreigabe gibt es immer Probleme mit dem Update. Als LUN klappt das problemlos.<br>LUN k\u00f6nnen dann unter Windows und Linux eingebunden werden (aber ohne Mehrfachnutzung, sprich eine LUN f\u00fcr genau ein Ger\u00e4t).<\/p>\n\n\n\n<p>Die LUN wird auch \u00fcber Hyperbackup gesichert, so dass nach dem aktuellen Wiederherstellen der DS in 11\/2020 die aktuellste Sicherung genutzt wurde, um die LUN auf das neu daf\u00fcr erstellte Volume 9 zu legen.<\/p>\n<\/div><\/div>\n\n\n\n<div class=\"wp-block-group\"><div class=\"wp-block-group__inner-container is-layout-flow wp-block-group-is-layout-flow\">\n<h2 class=\"wp-block-heading\">Note Station<\/h2>\n\n\n\n<p>Note Station wurde installiert und die Daten aus einer zuvor erstellten Sicherung zur\u00fcckgesichert. Funktioniert.<br>Installationspfad: \/volume5\/@appstore\/Notestation<\/p>\n<\/div><\/div>\n\n\n\n<div class=\"wp-block-group\"><div class=\"wp-block-group__inner-container is-layout-flow wp-block-group-is-layout-flow\">\n<h2 class=\"wp-block-heading\">Perl<\/h2>\n\n\n\n<p>Wird in Abh\u00e4ngigkeit zu Mail-Server installiert<br>Installationspfad: \/volume5\/@appstore\/Perl<\/p>\n<\/div><\/div>\n\n\n\n<div class=\"wp-block-group\"><div class=\"wp-block-group__inner-container is-layout-flow wp-block-group-is-layout-flow\">\n<h2 class=\"wp-block-heading\">Synology Mail Server<\/h2>\n\n\n\n<p>Den Synology Mailserver teste ich erstmals. Ich hoffe damit meine Mailpostf\u00e4cher bei Strato automatisiert abzuholen und somit einen Migrationspfad zu 1und1 zu erhalten, da dort ein SSL Wildcard Zertifikat verf\u00fcgbar ist.<br>Installationspfad: \/volume5\/@appstore\/Mailserver<\/p>\n<\/div><\/div>\n\n\n\n<div class=\"wp-block-group\"><div class=\"wp-block-group__inner-container is-layout-flow wp-block-group-is-layout-flow\">\n<h2 class=\"wp-block-heading\">PHP 7.2<\/h2>\n\n\n\n<p>Wird in Abh\u00e4ngigkeit zu Mail-Station installiert.<br>Installationspfad: \/volume5\/@appstore\/PHP7.2<\/p>\n<\/div><\/div>\n\n\n\n<div class=\"wp-block-group\"><div class=\"wp-block-group__inner-container is-layout-flow wp-block-group-is-layout-flow\">\n<h2 class=\"wp-block-heading\">Mail Station<\/h2>\n\n\n\n<p>Zu Testzwecken installiert. Auf den ersten Blick interessant.<br>Installationspfad: \/volume5\/@appstore\/MailStation<\/p>\n<\/div><\/div>\n\n\n\n<div class=\"wp-block-group\"><div class=\"wp-block-group__inner-container is-layout-flow wp-block-group-is-layout-flow\">\n<h2 class=\"wp-block-heading\">DNS Server<\/h2>\n\n\n\n<p>Ist in die Sicherung in Hyperbackup eingeschlossen.<br>Installationsort: \/volume5\/@appstore\/DNSServer<br>Hinsichtlich Konfiguration folgende Rahmenbedingungen:<br>\u2022 Fr\u00fcher hatte ich kastens.net als Masterzone eingetragen. Da ich davon aber auch Teile bei Strato erreichen m\u00f6chte, lege ich inzwischen f\u00fcr jedes relevante Ger\u00e4t eine Masterzone an<br>\u25e6 msds<br>\u25e6 bbds<br>\u25e6 W\u00e4re zu erweitern um depression, yvi etc.<br>\u2022 In diesen Zonen gibt es Standardm\u00e4\u00dfig einen NS Record mit einem zugeh\u00f6rigen A-Record, der auf die Diskstation verweist<br>\u2022 Ich lege dann nur die IP f\u00fcr den eigentlichen Namen zus\u00e4tzlich an<br>\u2022 F\u00fcr die Reverseaufl\u00f6sung gibt es dann noch Zonen f\u00fcr 20.168.192 (MS) und 31.168.192 (BB) ns Eintrag zeigt dabei wieder auf die msds Zone<\/p>\n<\/div><\/div>\n\n\n\n<div class=\"wp-block-group\"><div class=\"wp-block-group__inner-container is-layout-flow wp-block-group-is-layout-flow\">\n<h2 class=\"wp-block-heading\">Cloud Station Server<\/h2>\n\n\n\n<p>Als Ersatz f\u00fcr Synology Drive (Performance Probleme) nutze ich wieder die \u00e4ltere CloudStation. Somit sind auch keine alten Einstellungen zu \u00fcbernehmen, sondern ich installiere das Paket und richte es entsprechend ein.<\/p>\n\n\n\n<p>Installationsort: \/volume5\/@appstore\/DNSServer<\/p>\n<\/div><\/div>\n\n\n\n<div class=\"wp-block-group\"><div class=\"wp-block-group__inner-container is-layout-flow wp-block-group-is-layout-flow\">\n<div class=\"wp-block-group\"><div class=\"wp-block-group__inner-container is-layout-flow wp-block-group-is-layout-flow\">\n<h2 class=\"wp-block-heading\">Python 3<\/h2>\n\n\n\n<p>Wird in Abh\u00e4ngigkeit zu Synology Contacts installiert.<br>Installationspfad: \/volume5\/@appstore\/py3k<\/p>\n<\/div><\/div>\n\n\n\n<div class=\"wp-block-group\"><div class=\"wp-block-group__inner-container is-layout-flow wp-block-group-is-layout-flow\">\n<h2 class=\"wp-block-heading\">Node JS v12<\/h2>\n\n\n\n<p>Wird in Abh\u00e4ngigkeit zu Synology Contacts installiert.<br>Installationspfad: \/volume5\/@appstore\/Node.js_v12<\/p>\n<\/div><\/div>\n\n\n\n<div class=\"wp-block-group\"><div class=\"wp-block-group__inner-container is-layout-flow wp-block-group-is-layout-flow\">\n<h2 class=\"wp-block-heading\">Synology Application Service<\/h2>\n\n\n\n<p>Wird in Abh\u00e4ngigkeit zu Synology Contacts installiert.<br>Installationspfad: \/volume5\/@appstore\/SynologyApplicationService<\/p>\n<\/div><\/div>\n\n\n\n<div class=\"wp-block-group\"><div class=\"wp-block-group__inner-container is-layout-flow wp-block-group-is-layout-flow\">\n<h2 class=\"wp-block-heading\">Synology Contacts<\/h2>\n\n\n\n<p>Dient zur Kopntaktverwaltung und wird getestet.<br>Installationspfad: \/volume5\/@appstore\/Contacts<\/p>\n<\/div><\/div>\n\n\n\n<h2 class=\"wp-block-heading\">phpmyadmin<\/h2>\n\n\n\n<p>root Passwort und alle DB Passworte in AmP hinterlegt.<br>Installiert ist bislang Maria DB 10<br>Volume 1 ist als Speicherort in Maria10 DB festgelegt. (siehe entsprechendes Kapitel)<br>Installationsverzeichnis: \/volume2\/\\@appstore\/CloudStation<\/p>\n<\/div><\/div>\n\n\n\n<div class=\"wp-block-group\"><div class=\"wp-block-group__inner-container is-layout-flow wp-block-group-is-layout-flow\">\n<h2 class=\"wp-block-heading\">PHP<\/h2>\n\n\n\n<p>Installierte Versionen:<\/p>\n\n\n\n<ul class=\"wp-block-list\"><li>PHP 7.2 als Abh\u00e4ngigkeit zur WordPress \/ Webstation Installation installiert. <\/li><li>PHP 7.3 habe ich manuell nach installiert und werde dies vorzugsweise nutzen.<\/li><\/ul>\n\n\n\n<p><\/p>\n<\/div><\/div>\n\n\n\n<div class=\"wp-block-group\"><div class=\"wp-block-group__inner-container is-layout-flow wp-block-group-is-layout-flow\">\n<h2 class=\"wp-block-heading\">Apache Web Server<\/h2>\n\n\n\n<p>Installierte Versionen:<\/p>\n\n\n\n<ul class=\"wp-block-list\"><li>Version 2.2<br>Wurde in Abh\u00e4ngigkeit zu WordPress installiert.<br>Installationsordner: \/volume2\/\\@appstore\/Apache2.2\/<\/li><\/ul>\n<\/div><\/div>\n\n\n\n<div class=\"wp-block-group\"><div class=\"wp-block-group__inner-container is-layout-flow wp-block-group-is-layout-flow\">\n<h2 class=\"wp-block-heading\">Diagnosis Tool<\/h2>\n\n\n\n<p><\/p>\n<\/div><\/div>\n\n\n\n<div class=\"wp-block-group\"><div class=\"wp-block-group__inner-container is-layout-flow wp-block-group-is-layout-flow\">\n<h2 class=\"wp-block-heading\">Synology Anwendungsdienst<\/h2>\n\n\n\n<p>Abh\u00e4ngigkeit zu Drive Server und Moments.<br>Installation: \/volume2\/@appstore\/SynologyApplicationService<br>Dazu gibt es ne Datenablage: \/volume2\/@SynologyApplicationService<br>Nutzung und Verlagerung der darin enthaltenen DB unklar.<\/p>\n<\/div><\/div>\n\n\n\n<div class=\"wp-block-group\"><div class=\"wp-block-group__inner-container is-layout-flow wp-block-group-is-layout-flow\">\n<h2 class=\"wp-block-heading\">MariaDB<\/h2>\n\n\n\n<p>Wird in Hyperbackup gesichert und enth\u00e4lt aktuell die WP Datenbanken<br>Root Kennwort und Anwendungspassw\u00f6rter in AmP<br>F\u00fcr die neue WordPress Netzwerkinstallation habe ich eine DB syno_network eingerichtet. Username f\u00fcr DB ist in AmP.<br>Installationsverzeichnis: \/volume2\/\\@appstore\/MariaDB10\/<br>Datenbank Speicherort: \/volume1\/\\@database\/mariadb10<\/p>\n<\/div><\/div>\n\n\n\n<div class=\"wp-block-group\"><div class=\"wp-block-group__inner-container is-layout-flow wp-block-group-is-layout-flow\">\n<h2 class=\"wp-block-heading\">Perl<\/h2>\n\n\n\n<p>Vermutlich abh\u00e4ngig.<\/p>\n<\/div><\/div>\n\n\n\n<div class=\"wp-block-group\"><div class=\"wp-block-group__inner-container is-layout-flow wp-block-group-is-layout-flow\">\n<h2 class=\"wp-block-heading\">Protokollcenter<\/h2>\n\n\n\n<p>Ist erg\u00e4nzend zum Built In Protokollcenter installiert worden. Mehr Steuerungs- und Auswertungsm\u00f6glichkeiten.<br>Installationsverzeichnis: \/volume2\/\\@appstore\/LogCenter\/<br>Archivierung der Logs ist eingerichtet. Diese laufen auf den gemeinsamen Ordner Datensicherung in einen entsprechenden Unterordner \u201eProtokolle\u201c<\/p>\n<\/div><\/div>\n","protected":false},"excerpt":{"rendered":"<p>Paketzentrum Im Paketzentrum kann man einen Standardspeicherort f\u00fcr neu zu installierende Pakete festlegen. Ich lege daher ein Volumen mit 200 GB an (aktuell Volume 5) und nutze dieses. Die Reihenfolge unten stellt die Installationsreihenfolge dar. Wichtig: Der ssh Daemon sollte vor der Installation der Pakete aktiviert werden, damit man in der Verzeichnisstruktur pr\u00fcfen kann, ob die Pakete und deren Einstellungen an die richtige Stelle kommen. File Station Ist direkt nach&hellip;<\/p>\n","protected":false},"author":1,"featured_media":0,"parent":12,"menu_order":5,"comment_status":"closed","ping_status":"closed","template":"","meta":{"footnotes":""},"class_list":["post-88","page","type-page","status-publish","hentry"],"_links":{"self":[{"href":"https:\/\/www.kastens.net\/WPSub\/dokumentation\/index.php?rest_route=\/wp\/v2\/pages\/88","targetHints":{"allow":["GET"]}}],"collection":[{"href":"https:\/\/www.kastens.net\/WPSub\/dokumentation\/index.php?rest_route=\/wp\/v2\/pages"}],"about":[{"href":"https:\/\/www.kastens.net\/WPSub\/dokumentation\/index.php?rest_route=\/wp\/v2\/types\/page"}],"author":[{"embeddable":true,"href":"https:\/\/www.kastens.net\/WPSub\/dokumentation\/index.php?rest_route=\/wp\/v2\/users\/1"}],"replies":[{"embeddable":true,"href":"https:\/\/www.kastens.net\/WPSub\/dokumentation\/index.php?rest_route=%2Fwp%2Fv2%2Fcomments&post=88"}],"version-history":[{"count":23,"href":"https:\/\/www.kastens.net\/WPSub\/dokumentation\/index.php?rest_route=\/wp\/v2\/pages\/88\/revisions"}],"predecessor-version":[{"id":189,"href":"https:\/\/www.kastens.net\/WPSub\/dokumentation\/index.php?rest_route=\/wp\/v2\/pages\/88\/revisions\/189"}],"up":[{"embeddable":true,"href":"https:\/\/www.kastens.net\/WPSub\/dokumentation\/index.php?rest_route=\/wp\/v2\/pages\/12"}],"wp:attachment":[{"href":"https:\/\/www.kastens.net\/WPSub\/dokumentation\/index.php?rest_route=%2Fwp%2Fv2%2Fmedia&parent=88"}],"curies":[{"name":"wp","href":"https:\/\/api.w.org\/{rel}","templated":true}]}}