{"id":81,"date":"2020-11-01T18:35:44","date_gmt":"2020-11-01T18:35:44","guid":{"rendered":"https:\/\/kastens.net\/WPSub\/dokumentation\/?page_id=81"},"modified":"2020-11-01T20:32:22","modified_gmt":"2020-11-01T20:32:22","slug":"einstellungen-systemsteuerung","status":"publish","type":"page","link":"https:\/\/www.kastens.net\/WPSub\/dokumentation\/?page_id=81","title":{"rendered":"Einstellungen Systemsteuerung"},"content":{"rendered":"\n<h2 class=\"wp-block-heading\">Dateidienste<\/h2>\n\n\n\n<p>Auf allen Sub Registern alles deaktivieren.<br>Nur auf dem ersten Register folgende Einstellungen:<br>SMB aktiv mit Arbeitsgruppe Kastens<br>AFP deaktivieren<br>NFS deaktivieren<\/p>\n\n\n\n<h2 class=\"wp-block-heading\">Benutzer<\/h2>\n\n\n\n<p>Ich verzichte vorerst auf die lokale Einrichtung der User. Stattdessen werden die User als LDAP User angelegt.<br>Wichtig ist bei Erweitert nur, dass die Benutzerbasis, also Home Verzeichnisse aktiviert werden.<br>Einziger lokaler User ist damit matzeadmin.<br>Final soll eine \u00dcbersicht der User mit Gruppenzuordnung erfolgen.<\/p>\n\n\n\n<h2 class=\"wp-block-heading\">Gruppen<\/h2>\n\n\n\n<p>Final soll eine \u00dcbersicht der User mit Gruppenzuordnung erfolgen.<br>Domain \/ LDAP<br>Ich habe jetzt den LDAP Server am laufen und dort entsprechende Gruppen eingerichtet, die ich auf der Diskstation nutzen m\u00f6chte. Klappt soweit ganz gut.<br>Derzeit ist nur der matzeadmin ein lokaler User. Yvi kann mit yviadmin via LDAP auf die Diskstation zugreifen. Standardberechtigungen gibt es nicht mehr. \u00dcber Berechtigungen werden den Gruppen Rechte zugewiesen.<br>Auf dem Reiter LDAP-Benutzer m\u00fcssen nun noch Home Verzeichnisse erlaubt werden. Dazu auf Benutzerbasis klicken und entsprechend aktivieren. Es wird dasselbe Volume genutzt wie f\u00fcr die normalen Benutzerkonten und unter homes wird ein Unterordner @LH-DAP.KASTENS angelegt. Darunter werden nun alle Home Verzeichnisse der LDAP user eingerichtet.<br>\u00dcber die LDAP Benutzer und Gruppen kann man auch schon einmal die grundlegenden Berechtigungen auf gemeinsame Ordner setzen.<\/p>\n\n\n\n<h2 class=\"wp-block-heading\">Quickconnect<\/h2>\n\n\n\n<p>Ist deaktiviert<\/p>\n\n\n\n<h2 class=\"wp-block-heading\">Externer Zugriff<\/h2>\n\n\n\n<h3 class=\"wp-block-heading\">DynDNS:<\/h3>\n\n\n\n<p>\u2022 msds.myDS.me \u00fcber Synology Account aktiviert<br>\u2022 kastens.net \u00fcber Strato aktiviert<br>Auf kastens.net zeigen noch folgende Aliase:<br>\u2022 depression.kastens.net<br>\u2022 msds.kastens.net<br>\u2022 yvi.kastens.net<br>\u2022 doku.kastens.net<br>Interessant:<br>\u2022 muenster.kastens.net ist bei Strato als CName auf kastensfbms.dynv6.net. eingerichtet<br>\u2022 routerms.kastens.net ist bei Strato als CName auf routerms.kastens.net eingerichtet<br>und dar\u00fcber ist auch eine Namensaufl\u00f6sung per IPv6 m\u00f6glich.<\/p>\n\n\n\n<h3 class=\"wp-block-heading\">Erweitert<\/h3>\n\n\n\n<p>Hier ist lediglich msds.kastens.net als Hostname f\u00fcr externe Kommunikation hinterlegt<\/p>\n\n\n\n<h2 class=\"wp-block-heading\">Netzwerk<\/h2>\n\n\n\n<h3 class=\"wp-block-heading\">Allgemein<\/h3>\n\n\n\n<p>Servername: msds<br>Gateway wurde per DHCP ermittelt<br>DNS Server ge\u00e4ndert auf zuerst 192.168.20.9 und als secondary dann 192.168.20.1<\/p>\n\n\n\n<h3 class=\"wp-block-heading\">Netzwerkschnittstelle<\/h3>\n\n\n\n<p>DHCP f\u00fcr IPv4 und automatische Adresszuweisung f\u00fcr IPv6.<\/p>\n\n\n\n<h3 class=\"wp-block-heading\">Datenflussteuerung<\/h3>\n\n\n\n<p>W\u00e4re noch zu erkunden\u2026<\/p>\n\n\n\n<h3 class=\"wp-block-heading\">Statische Routen<\/h3>\n\n\n\n<p>Keine<\/p>\n\n\n\n<h3 class=\"wp-block-heading\">DSM Einstellungen<\/h3>\n\n\n\n<p>DSM Ports 5000 (http) und 5001 (https)<br>http wird nicht automatisch umgeleitet, da von aussen \u00fcber Port 5000 eh nicht erreichbar<br>http\/2 ist aktiv<br>Server Header benutzerdefiniert auf NGINX -&gt; nach Reset schauen<\/p>\n\n\n\n<h2 class=\"wp-block-heading\">DHCP Server<\/h2>\n\n\n\n<p>Deaktiviert<\/p>\n\n\n\n<h2 class=\"wp-block-heading\">Sicherheit<\/h2>\n\n\n\n<h3 class=\"wp-block-heading\">Sicherheit<\/h3>\n\n\n\n<p>Timer zum Abmelden: 30 Minuten<br>Aktiviert:<br>\u2022 Schutz gegen Cross-Site-Request-Forgery<br>\u2022 Sicherheit mit CSP Header<br>\u2022 iFrame nicht zulassen<br>\u2022 Benutzersitzungen beim Systemstart l\u00f6schen<\/p>\n\n\n\n<h3 class=\"wp-block-heading\">Firewall<\/h3>\n\n\n\n<p>NICHT AKTIV?!<\/p>\n\n\n\n<h3 class=\"wp-block-heading\">Schutz<\/h3>\n\n\n\n<p>LAN: DoS Schutz aktivieren<\/p>\n\n\n\n<h3 class=\"wp-block-heading\">Konto<\/h3>\n\n\n\n<p>Automatische Blockierung: 10 Versuche in 5 Minuten -&gt; Aufhebung nach einem Tag<br>In der Freigabeliste das Netz 192.168.20.0\/24<br>Kontoschutz aktiv: ACHTUNG! UNKLAR -&gt; Handbuch<br>Nicht vertrauensw\u00fcrdige Clients: 5 Versuche in 1 Minute -&gt; Aufhebung nach 30 Minuten<br>Vertrauensw\u00fcrdige Clients: 10 Versuche in 1 Minute -&gt; Aufhebung nach 30 Minuten<\/p>\n\n\n\n<h3 class=\"wp-block-heading\">Zertifikat<\/h3>\n\n\n\n<p>Derzeit 4 Zertifikate:<br>\u2022 muenster.kastens.net h\u00e4lt auch msds und wird genutzt als Standardzertifikat (f\u00fcr WebDav, Drive, FTPS, Systemvoreinstellung und LDAP)<br>\u2022 kastens.net h\u00e4lt auch depression, doku und yvi und wird nur f\u00fcr die Webauftritte genutzt<br>\u2022 msds.myds.me \u2013 Standardzertifikat aus der Einrichtung des Synology User Accounts<br>\u2022 synology \u2013 War bereits vorhanden. Derzeit nicht aktiv genutzt<\/p>\n\n\n\n<h3 class=\"wp-block-heading\">Erweitert<\/h3>\n\n\n\n<p>http Komprimierung verwenden (War bislang nicht der Fall)<br>TLS\/SSL auf moderne Komp.<\/p>\n\n\n\n<h2 class=\"wp-block-heading\">Info Center<\/h2>\n\n\n\n<p>Liefert umfangreiche Systeminformationen zu Speicher, Diensten etc.<br>Synology Konto ist interessant: Dort kann der zentrale Login erfolgen, um dann DDNS zu nutzen.<\/p>\n\n\n\n<h2 class=\"wp-block-heading\">Thema<\/h2>\n\n\n\n<p>Lediglich Look and Feel der Oberfl\u00e4che<\/p>\n\n\n\n<h2 class=\"wp-block-heading\">Regionale Optionen<\/h2>\n\n\n\n<p>Neben Datumsformaten vor allen Dingen interessant: Zeitsynchronisierung! Sollte auf de.pool.ntp.org eingestellt werden<\/p>\n\n\n\n<h2 class=\"wp-block-heading\">Benachrichtigung<\/h2>\n\n\n\n<p>Hier wird die log Mail Adresse hinterlegt, um Log Meldungen zu erreichen. Mailversand sollte verschl\u00fcsselt (465?) erfolgen.<br>Unter Erweitert kann dann die Art der Meldungen konfiguriert werden.<br>Ggfs. Push Meldungen?<\/p>\n\n\n\n<h2 class=\"wp-block-heading\">Aufgabenplaner<\/h2>\n\n\n\n<p>wurde bislang automatisch durch Hyperbackup und die Festplattentests gef\u00fcllt.<\/p>\n\n\n\n<h2 class=\"wp-block-heading\">Hardware und Energie<\/h2>\n\n\n\n<h3 class=\"wp-block-heading\">Allgemein<\/h3>\n\n\n\n<p>Automatisch nach Stromausfall neu starten<br>Signaltonsteuerung: Alle Events aktiv<br>L\u00fcftermodus: Still<br>Helligkeit: 2. Stufe<\/p>\n\n\n\n<h3 class=\"wp-block-heading\">Energie Zeitplan<\/h3>\n\n\n\n<p>Nicht gesetzt. Hier k\u00f6nnte man einen regelm\u00e4\u00dfigen Neustart einplanen.<\/p>\n\n\n\n<h3 class=\"wp-block-heading\">Ruhezustand Festplatte<\/h3>\n\n\n\n<p>20 Minuten intern und 15 minute USB. Protokollierung aktiv<\/p>\n\n\n\n<h2 class=\"wp-block-heading\">Externe Ger\u00e4te<\/h2>\n\n\n\n<p>Hier werden USB Platten und Drucker angezeigt<\/p>\n\n\n\n<h2 class=\"wp-block-heading\">Aktualisierung und Wiederherstellen<\/h2>\n\n\n\n<p>Hier habe ich gerade eine Aktuelle Sicherung der Konfiguration angelegt und lokal auf dem Linux Rechner im Download Verzeichnis gespeichert. Unter Zur\u00fccksetzen hat man die M\u00f6glichkeit, auf die Werkseinstellung zu gehen. Das l\u00f6scht aber alle Daten auf den Platten!<\/p>\n\n\n\n<h2 class=\"wp-block-heading\">Berechtigungen<\/h2>\n\n\n\n<p>\u00dcber diesen Men\u00fcpunkt habe ich alle Standardberechtigungen deaktiviert. Rechte werden nur noch Gruppen und in Ausnahmef\u00e4llen einzelnen Usern gegeben.<\/p>\n\n\n\n<h2 class=\"wp-block-heading\">Anwendungsportal<\/h2>\n\n\n\n<p>Dar\u00fcber kann man einzelnen Paketen direkte URL Aufrufe zuordnen. Habe ich bspw. F\u00fcr Moments und File Station gemacht.<\/p>\n\n\n\n<h2 class=\"wp-block-heading\">Indizierungsdienst<\/h2>\n\n\n\n<p>Unklar. Steht wahrscheinlich in Verbindung mit Moments<\/p>\n\n\n\n<h2 class=\"wp-block-heading\">Synchronisierung frei gegebener Ordner<\/h2>\n\n\n\n<p>Nicht genutzt<\/p>\n\n\n\n<h2 class=\"wp-block-heading\">Terminal und SNMP<\/h2>\n\n\n\n<p>Lediglich ssh per Port 5022 aktiviert. Unter erweitert hohe Sicherheit aktiviert.<\/p>\n\n\n\n<h2 class=\"wp-block-heading\">Spezialfall Webstation mit WordPress<\/h2>\n\n\n\n<p>Webstation wird ben\u00f6tigt, wenn man mit WordPress einen Internetauftritt schalten m\u00f6chte. Auch f\u00fcr andere Funktionen ist dies erforderlich (ggfs. auch f\u00fcr die Zertifikatsbeschaffung via let&#8217;sencrypt.<\/p>\n\n\n\n<p>Ich m\u00f6chte die Webauftritte eigentlich von der DS weg bekommen wegen meiner Performance Probleme. Diese r\u00fchren zwar vermutlich nicht von den Webservern, aber da die Kiste ja nachweislich nicht alllzu leistungsstark ist, m\u00f6chte ich dort lieber nur zwingend erforderlich Kernkomponenten betreiben. Leider bekomme ich dieses Ziel mangels Zertifikatsunterst\u00fctzung kurzfristig bei Strato nicht geregelt und f\u00fcr die Migration brauche ich die WordPress Installationen funktinsf\u00e4hig.<\/p>\n\n\n\n<p>Standardm\u00e4\u00dfig kommt die Webstation mit dem Webserver Nginx einher. F\u00fcr WordPress muss in der Installation aus dem Paket Zentrum zus\u00e4tzlich als Abh\u00e4ngigkeit Apache mit dazu. Theoretisch kann man aber auch eine Installation mit Nginx hinbekommen.<\/p>\n\n\n\n<p>Einige Screenshots aus der Altumgebung:<\/p>\n\n\n\n<figure class=\"wp-block-image size-large\"><img loading=\"lazy\" decoding=\"async\" width=\"605\" height=\"168\" src=\"https:\/\/kastens.net\/WPSub\/dokumentation\/wp-content\/uploads\/2020\/11\/grafik-1.png\" alt=\"\" class=\"wp-image-117\" srcset=\"https:\/\/www.kastens.net\/WPSub\/dokumentation\/wp-content\/uploads\/2020\/11\/grafik-1.png 605w, https:\/\/www.kastens.net\/WPSub\/dokumentation\/wp-content\/uploads\/2020\/11\/grafik-1-300x83.png 300w\" sizes=\"auto, (max-width: 605px) 100vw, 605px\" \/><\/figure>\n\n\n\n<figure class=\"wp-block-image size-large\"><img loading=\"lazy\" decoding=\"async\" width=\"605\" height=\"99\" src=\"https:\/\/kastens.net\/WPSub\/dokumentation\/wp-content\/uploads\/2020\/11\/grafik-2.png\" alt=\"\" class=\"wp-image-118\" srcset=\"https:\/\/www.kastens.net\/WPSub\/dokumentation\/wp-content\/uploads\/2020\/11\/grafik-2.png 605w, https:\/\/www.kastens.net\/WPSub\/dokumentation\/wp-content\/uploads\/2020\/11\/grafik-2-300x49.png 300w\" sizes=\"auto, (max-width: 605px) 100vw, 605px\" \/><\/figure>\n\n\n\n<h3 class=\"wp-block-heading\">WordPress<\/h3>\n\n\n\n<p>Das hier sind die Aufzeichnungen die nicht ganz passend sind. Anhand dieser Daten werde ich aber die drei Webauftritte wieder einrichten.<\/p>\n\n\n\n<p>Mit der normalen Paketinstallation von WordpPress \u00fcber das Paketzentrum werden auch die WebStation, MariaDB, PHP 7.2 und Apache 2.2 installiert.<br>Installationsverzeichnis: \/volume2\/\\@appstore\/WordPress\/<\/p>\n\n\n\n<p>Bislang habe ich die Installationen sehr stark manuell durchgef\u00fchrt und in einem Ordner WordPress abgelegt. Da will ich wieder auf Standard, sprich Unterordner in web.<\/p>\n\n\n\n<p>Zus\u00e4tzlich hatte ich eine Anleitung, nach der ich je WP Installation eine spezielle PHP Konfig gebaut habe. Details dazu unten. Auch das m\u00f6chte ich eigentlich mit einer gemeinsamen Vorgabe erschlagen. Hierzu identische Konfigurationen f\u00fcr alle Seiten (Abweichungen unten bei den Seiten):<\/p>\n\n\n\n<p>Version: 7.3<\/p>\n\n\n\n<p>Erweiterungen: bcmath, curl, exif, gd, ldap, mysqli, openssl<\/p>\n\n\n\n<p>Unter Kern angepasst:<br>Mysqli.default_socket = \/run\/mysqld\/mysqld10.sock<br>Mysqli.default = 3306 (muss eigentlich 3307 sein!)<br>Die virtuellen Hosts sind alle eingestellt auf NGINX als Backend Server<br><\/p>\n\n\n\n<h4 class=\"wp-block-heading\">depression.kastens.net<\/h4>\n\n\n\n<p>DB: WP_depression<br>Pfad: wordpress\/depression<br>PHP Individualabweichungen, die weg sollen:<br>\u2022 Basedir: \/tmp:\/var\/services\/tmp:\/volume1\/wordpress\/depression\/www<br>Unter Kern angepasst:<br>\u2022 Upload_tmp_dir = wordpress\/depression\/tmp<\/p>\n\n\n\n<h4 class=\"wp-block-heading\">yvi.kastens.net<\/h4>\n\n\n\n<p>DB: WP_yvi<br>Pfad: wordpress\/yvi<br>PHP Individualabweichungen, die weg sollen:<br>\u2022 Basedir: \/tmp:\/var\/services\/tmp:\/volume1\/wordpress\/yvi\/www<br>Unter Kern angepasst:<br>\u2022 Upload_tmp_dir = wordpress\/depression\/tmp<\/p>\n\n\n\n<h4 class=\"wp-block-heading\">kastens.net<\/h4>\n\n\n\n<p>DB: WP_kastens<br>Pfad: wordpress\/kastens<br>Datenbank Backup<br>PHP Individualabweichungen, die weg sollen:<br>\u2022 Basedir: \/tmp:\/var\/services\/tmp:\/volume1\/wordpress\/kastens\/www<br>Unter Kern angepasst:<br>\u2022 Upload_tmp_dir = wordpress\/kastens\/tmp<\/p>\n\n\n\n<h4 class=\"wp-block-heading\">Dokubasis<\/h4>\n\n\n\n<ul class=\"wp-block-list\"><li>Maria DB Zugriff sichten<ul><li>Aufruf des Maria DB Paketes. Dort findet man<\/li><li>Den Zugriffsport: 3307<\/li><li>Den Domain Socket: \/run\/mysqld\/mysqld10.sock<\/li><\/ul><\/li><li>PHP Einstellungen in der Web Station erzeugen<\/li><\/ul>\n\n\n\n<figure class=\"wp-block-image size-large is-resized\"><img loading=\"lazy\" decoding=\"async\" src=\"https:\/\/kastens.net\/WPSub\/dokumentation\/wp-content\/uploads\/2020\/11\/grafik-3.png\" alt=\"\" class=\"wp-image-119\" width=\"580\" height=\"497\" srcset=\"https:\/\/www.kastens.net\/WPSub\/dokumentation\/wp-content\/uploads\/2020\/11\/grafik-3.png 605w, https:\/\/www.kastens.net\/WPSub\/dokumentation\/wp-content\/uploads\/2020\/11\/grafik-3-300x257.png 300w\" sizes=\"auto, (max-width: 580px) 100vw, 580px\" \/><figcaption>Tats\u00e4chlich sollen die beiden dargestellten Erweiterungen mysqli und openssl aktiviert werden.<\/figcaption><\/figure>\n\n\n\n<ul class=\"wp-block-list\"><li>Zus\u00e4tzlich auf dem Reiter Kern die Parameter der MysqlDB Installation erfassen (Filter auf mysqli.default sinnvoll):<\/li><\/ul>\n\n\n\n<figure class=\"wp-block-image size-large\"><img loading=\"lazy\" decoding=\"async\" width=\"605\" height=\"283\" src=\"https:\/\/kastens.net\/WPSub\/dokumentation\/wp-content\/uploads\/2020\/11\/grafik-4.png\" alt=\"\" class=\"wp-image-120\" srcset=\"https:\/\/www.kastens.net\/WPSub\/dokumentation\/wp-content\/uploads\/2020\/11\/grafik-4.png 605w, https:\/\/www.kastens.net\/WPSub\/dokumentation\/wp-content\/uploads\/2020\/11\/grafik-4-300x140.png 300w\" sizes=\"auto, (max-width: 605px) 100vw, 605px\" \/><\/figure>\n\n\n\n<ul class=\"wp-block-list\"><li>Virtuellen Host in der Webstation erzeugen<\/li><\/ul>\n\n\n\n<figure class=\"wp-block-image size-large\"><img loading=\"lazy\" decoding=\"async\" width=\"507\" height=\"564\" src=\"https:\/\/kastens.net\/WPSub\/dokumentation\/wp-content\/uploads\/2020\/11\/grafik-5.png\" alt=\"\" class=\"wp-image-121\" srcset=\"https:\/\/www.kastens.net\/WPSub\/dokumentation\/wp-content\/uploads\/2020\/11\/grafik-5.png 507w, https:\/\/www.kastens.net\/WPSub\/dokumentation\/wp-content\/uploads\/2020\/11\/grafik-5-270x300.png 270w\" sizes=\"auto, (max-width: 507px) 100vw, 507px\" \/><\/figure>\n\n\n\n<ul class=\"wp-block-list\"><li>Jetzt in PHPMyadmin eine DB anlegen. Am einfachsten gelingt das \u00fcber die Anlage eines neuen Benutzerkontos:<\/li><\/ul>\n\n\n\n<figure class=\"wp-block-image size-large\"><img loading=\"lazy\" decoding=\"async\" width=\"605\" height=\"415\" src=\"https:\/\/kastens.net\/WPSub\/dokumentation\/wp-content\/uploads\/2020\/11\/grafik-6.png\" alt=\"\" class=\"wp-image-122\" srcset=\"https:\/\/www.kastens.net\/WPSub\/dokumentation\/wp-content\/uploads\/2020\/11\/grafik-6.png 605w, https:\/\/www.kastens.net\/WPSub\/dokumentation\/wp-content\/uploads\/2020\/11\/grafik-6-300x206.png 300w\" sizes=\"auto, (max-width: 605px) 100vw, 605px\" \/><figcaption>Durch den Haken unten \u201eerstelle eine Datenbank \u2026\u201c wird auch gleich eine passende DB erzeugt, die genutzt werden kann.<\/figcaption><\/figure>\n\n\n\n<ul class=\"wp-block-list\"><li>Installation von WordPress:<\/li><\/ul>\n\n\n\n<p>!!!!<br>Das hier muss nochmal \u00fcberarbeitet werden!<br>Ziel ist Installation nicht in einem Unterverzeichnis namens WordPress, sondern verschieben der Daten in das root Verzeichnius des virtuellen Host<br>!!!!<br><br>Per ssh auf die Diskstation und dann wie folgt Vorgehen (Das Web Verzeichnis liegt derzeit auf Volume 6):<br>matzeadmin@ms_ds:~$ cd \/volume6\/web\/<br>matzeadmin@ms_ds:~$ cd \/volume6\/web\/Kastens_Doku\/<br>matzeadmin@ms_ds:\/volume6\/web\/Kastens_Doku$ wget <a href=\"https:\/\/wordpress.org\/latest.tar.gz\">https:\/\/wordpress.org\/latest.tar.gz<\/a><br><br>\u2026<br><br>matzeadmin@ms_ds:\/volume6\/web\/Kastens_Doku$ tar -xzvf latest.tar.gz<br><br>\u2026<br><br>matzeadmin@ms_ds:\/volume6\/web\/Kastens_Doku$ rm latest.tar.gz<br><br>Nun noch die Verzeichnisberechtigungen und den User anpassen:<br>matzeadmin@ms_ds:\/volume6\/web\/Kastens_Doku$ sudo chown http:http -R wordpress\/<br>Password:<br>matzeadmin@ms_ds:\/volume6\/web\/Kastens_Doku$ sudo find wordpress -type f -exec chmod 640 {} \\;<br>matzeadmin@ms_ds:\/volume6\/web\/Kastens_Doku$ sudo find wordpress -type d -exec chmod 750 {} \\;<\/p>\n","protected":false},"excerpt":{"rendered":"<p>Dateidienste Auf allen Sub Registern alles deaktivieren.Nur auf dem ersten Register folgende Einstellungen:SMB aktiv mit Arbeitsgruppe KastensAFP deaktivierenNFS deaktivieren Benutzer Ich verzichte vorerst auf die lokale Einrichtung der User. Stattdessen werden die User als LDAP User angelegt.Wichtig ist bei Erweitert nur, dass die Benutzerbasis, also Home Verzeichnisse aktiviert werden.Einziger lokaler User ist damit matzeadmin.Final soll eine \u00dcbersicht der User mit Gruppenzuordnung erfolgen. Gruppen Final soll eine \u00dcbersicht der User mit&hellip;<\/p>\n","protected":false},"author":1,"featured_media":0,"parent":12,"menu_order":4,"comment_status":"closed","ping_status":"closed","template":"","meta":{"footnotes":""},"class_list":["post-81","page","type-page","status-publish","hentry"],"_links":{"self":[{"href":"https:\/\/www.kastens.net\/WPSub\/dokumentation\/index.php?rest_route=\/wp\/v2\/pages\/81","targetHints":{"allow":["GET"]}}],"collection":[{"href":"https:\/\/www.kastens.net\/WPSub\/dokumentation\/index.php?rest_route=\/wp\/v2\/pages"}],"about":[{"href":"https:\/\/www.kastens.net\/WPSub\/dokumentation\/index.php?rest_route=\/wp\/v2\/types\/page"}],"author":[{"embeddable":true,"href":"https:\/\/www.kastens.net\/WPSub\/dokumentation\/index.php?rest_route=\/wp\/v2\/users\/1"}],"replies":[{"embeddable":true,"href":"https:\/\/www.kastens.net\/WPSub\/dokumentation\/index.php?rest_route=%2Fwp%2Fv2%2Fcomments&post=81"}],"version-history":[{"count":7,"href":"https:\/\/www.kastens.net\/WPSub\/dokumentation\/index.php?rest_route=\/wp\/v2\/pages\/81\/revisions"}],"predecessor-version":[{"id":123,"href":"https:\/\/www.kastens.net\/WPSub\/dokumentation\/index.php?rest_route=\/wp\/v2\/pages\/81\/revisions\/123"}],"up":[{"embeddable":true,"href":"https:\/\/www.kastens.net\/WPSub\/dokumentation\/index.php?rest_route=\/wp\/v2\/pages\/12"}],"wp:attachment":[{"href":"https:\/\/www.kastens.net\/WPSub\/dokumentation\/index.php?rest_route=%2Fwp%2Fv2%2Fmedia&parent=81"}],"curies":[{"name":"wp","href":"https:\/\/api.w.org\/{rel}","templated":true}]}}