{"id":77,"date":"2020-11-01T18:29:36","date_gmt":"2020-11-01T18:29:36","guid":{"rendered":"https:\/\/kastens.net\/WPSub\/dokumentation\/?page_id=77"},"modified":"2020-11-01T18:35:08","modified_gmt":"2020-11-01T18:35:08","slug":"gemeinsame-ordner","status":"publish","type":"page","link":"https:\/\/www.kastens.net\/WPSub\/dokumentation\/?page_id=77","title":{"rendered":"gemeinsame Ordner"},"content":{"rendered":"\n<h2 class=\"wp-block-heading\">Anwendungsdaten<\/h2>\n\n\n\n<p>Extrem wichtige Daten von Applikationen. Beispielsweise Homebanking und AmP.<br>Zugriff nur durch Kastens, also Yvi und mich.<br>Sicherung erfolgt \u00fcber Hyperbackup.<\/p>\n\n\n\n<h2 class=\"wp-block-heading\">Bilder<\/h2>\n\n\n\n<p>Ist der bislang genutzte Ordner f\u00fcr Fotos. Dies steht in Konkurrenz zu Moments. Mal sehen, wie es l\u00e4uft. Ggfs. entf\u00e4llt Bilder sp\u00e4ter.<br>Zugriff:<br>\u2022 Kastens lesend und schreibend<br>\u2022 Kastens Kids lesend<br>Sicherung erfolgt \u00fcber Hyperbackup.<\/p>\n\n\n\n<h2 class=\"wp-block-heading\">Datensicherung<\/h2>\n\n\n\n<p>LDAP sichert hier t\u00e4glich hin. Zus\u00e4tzlich Sicherung der iSCSI LUN und Protokolldateien des Protokollcenter. Hier liegt auch eine manuelle Sicherung der MariaDB daten (Export)<\/p>\n\n\n\n<h2 class=\"wp-block-heading\">Homes<\/h2>\n\n\n\n<p>War f\u00fcr Moments und Drive zentral. Muss sich mit Cloud Station noch zeigen.<br>Zuordnung: Volume 10, um gr\u00f6\u00dftm\u00f6glichen Speicherplatz bereitzustellen. Kann in der Systemsteuerung direkt unter Benutzer \u2013 Erweitert angepasst werden. Alternativ direkt \u00fcber den gemeinsamen Ordner.<br><\/p>\n","protected":false},"excerpt":{"rendered":"<p>Anwendungsdaten Extrem wichtige Daten von Applikationen. Beispielsweise Homebanking und AmP.Zugriff nur durch Kastens, also Yvi und mich.Sicherung erfolgt \u00fcber Hyperbackup. Bilder Ist der bislang genutzte Ordner f\u00fcr Fotos. Dies steht in Konkurrenz zu Moments. Mal sehen, wie es l\u00e4uft. Ggfs. entf\u00e4llt Bilder sp\u00e4ter.Zugriff:\u2022 Kastens lesend und schreibend\u2022 Kastens Kids lesendSicherung erfolgt \u00fcber Hyperbackup. Datensicherung LDAP sichert hier t\u00e4glich hin. Zus\u00e4tzlich Sicherung der iSCSI LUN und Protokolldateien des Protokollcenter. Hier liegt&hellip;<\/p>\n","protected":false},"author":1,"featured_media":0,"parent":12,"menu_order":3,"comment_status":"closed","ping_status":"closed","template":"","meta":{"footnotes":""},"class_list":["post-77","page","type-page","status-publish","hentry"],"_links":{"self":[{"href":"https:\/\/www.kastens.net\/WPSub\/dokumentation\/index.php?rest_route=\/wp\/v2\/pages\/77","targetHints":{"allow":["GET"]}}],"collection":[{"href":"https:\/\/www.kastens.net\/WPSub\/dokumentation\/index.php?rest_route=\/wp\/v2\/pages"}],"about":[{"href":"https:\/\/www.kastens.net\/WPSub\/dokumentation\/index.php?rest_route=\/wp\/v2\/types\/page"}],"author":[{"embeddable":true,"href":"https:\/\/www.kastens.net\/WPSub\/dokumentation\/index.php?rest_route=\/wp\/v2\/users\/1"}],"replies":[{"embeddable":true,"href":"https:\/\/www.kastens.net\/WPSub\/dokumentation\/index.php?rest_route=%2Fwp%2Fv2%2Fcomments&post=77"}],"version-history":[{"count":2,"href":"https:\/\/www.kastens.net\/WPSub\/dokumentation\/index.php?rest_route=\/wp\/v2\/pages\/77\/revisions"}],"predecessor-version":[{"id":80,"href":"https:\/\/www.kastens.net\/WPSub\/dokumentation\/index.php?rest_route=\/wp\/v2\/pages\/77\/revisions\/80"}],"up":[{"embeddable":true,"href":"https:\/\/www.kastens.net\/WPSub\/dokumentation\/index.php?rest_route=\/wp\/v2\/pages\/12"}],"wp:attachment":[{"href":"https:\/\/www.kastens.net\/WPSub\/dokumentation\/index.php?rest_route=%2Fwp%2Fv2%2Fmedia&parent=77"}],"curies":[{"name":"wp","href":"https:\/\/api.w.org\/{rel}","templated":true}]}}