{"id":589,"date":"2024-02-20T21:04:46","date_gmt":"2024-02-20T21:04:46","guid":{"rendered":"https:\/\/www.kastens.net\/WPSub\/dokumentation\/?page_id=589"},"modified":"2024-02-20T21:08:03","modified_gmt":"2024-02-20T21:08:03","slug":"windows-update-reparieren","status":"publish","type":"page","link":"https:\/\/www.kastens.net\/WPSub\/dokumentation\/?page_id=589","title":{"rendered":"Windows Update reparieren"},"content":{"rendered":"\n<p>\u00dcbernommen aus Web https:\/\/www.extracomputer.de\/ratgeber\/windows-update-zuruecksetzen\/<\/p>\n\n\n\n<p>Wenn Sie das Windows Update manuell zur\u00fccksetzen m\u00f6chten, gehen Sie wie folgt vor:<\/p>\n\n\n\n<p>Dr\u00fccken Sie die Tastenkombination Windows + R<br>Geben Sie den Befehl cmd in das Eingabefeld ein und dr\u00fccken Sie im Anschluss die Tastenkombination Strg + Shift + Enter. (Dadurch startet die Eingabeaufforderung mit Administratorrechten.)<br>Geben Sie nacheinander folgende Befehle ein:<\/p>\n\n\n\n<pre class=\"wp-block-code\"><code>net stop bits<br>net stop wuauserv<br>net stop appidsvc<br>net stop cryptsvc<\/code><\/pre>\n\n\n\n<p>Dadurch werden laufende Update-Dienste gestoppt.<\/p>\n\n\n\n<p>Folgende Befehle sorgen daf\u00fcr, dass zwei Download-Ordner umbenannt werden:<\/p>\n\n\n\n<pre class=\"wp-block-code\"><code>ren %systemroot%\\SoftwareDistribution SoftwareDistribution.bak<br>ren %systemroot%\\system32\\catroot2 catroot2.bak<\/code><\/pre>\n\n\n\n<p>Setzen Sie den Update-Dienst und den BITS-Dienst mit den beiden Befehlen zur\u00fcck:<\/p>\n\n\n\n<pre class=\"wp-block-code\"><code>sc.exe sdset bits D:(A;;CCLCSWRPWPDTLOCRRC;;;SY)(A;;CCDCLCSWRPWPDTLOCRSDRCWDWO;;;BA)(A;;CCLCSWLOCRRC;;;AU)(A;;CCLCSWRPWPDTLOCRRC;;;PU)\nsc.exe sdset wuauserv D:(A;;CCLCSWRPWPDTLOCRRC;;;SY)(A;;CCDCLCSWRPWPDTLOCRSDRCWDWO;;;BA)(A;;CCLCSWLOCRRC;;;AU)(A;;CCLCSWRPWPDTLOCRRC;;;PU)<\/code><\/pre>\n\n\n\n<p>Starten Sie nun die Dienste des Windows Update mit den folgenden Befehlen:<\/p>\n\n\n\n<pre class=\"wp-block-code\"><code>net start bits<br>net start wuauserv<br>net start appidsvc<br>net start cryptSvc<\/code><\/pre>\n\n\n\n<p>Falls w\u00e4hrend der Zur\u00fccksetzung eine Fehlermeldung erscheint oder anderweitige Probleme auftreten, sollten Sie Ihren PC im abgesicherten Modus starten und die Befehle erneut ausf\u00fchren.<\/p>\n","protected":false},"excerpt":{"rendered":"<p>\u00dcbernommen aus Web https:\/\/www.extracomputer.de\/ratgeber\/windows-update-zuruecksetzen\/ Wenn Sie das Windows Update manuell zur\u00fccksetzen m\u00f6chten, gehen Sie wie folgt vor: Dr\u00fccken Sie die Tastenkombination Windows + RGeben Sie den Befehl cmd in das Eingabefeld ein und dr\u00fccken Sie im Anschluss die Tastenkombination Strg + Shift + Enter. (Dadurch startet die Eingabeaufforderung mit Administratorrechten.)Geben Sie nacheinander folgende Befehle ein: Dadurch werden laufende Update-Dienste gestoppt. Folgende Befehle sorgen daf\u00fcr, dass zwei Download-Ordner umbenannt werden: Setzen&hellip;<\/p>\n","protected":false},"author":2,"featured_media":0,"parent":368,"menu_order":0,"comment_status":"closed","ping_status":"closed","template":"","meta":{"footnotes":""},"class_list":["post-589","page","type-page","status-publish","hentry"],"_links":{"self":[{"href":"https:\/\/www.kastens.net\/WPSub\/dokumentation\/index.php?rest_route=\/wp\/v2\/pages\/589","targetHints":{"allow":["GET"]}}],"collection":[{"href":"https:\/\/www.kastens.net\/WPSub\/dokumentation\/index.php?rest_route=\/wp\/v2\/pages"}],"about":[{"href":"https:\/\/www.kastens.net\/WPSub\/dokumentation\/index.php?rest_route=\/wp\/v2\/types\/page"}],"author":[{"embeddable":true,"href":"https:\/\/www.kastens.net\/WPSub\/dokumentation\/index.php?rest_route=\/wp\/v2\/users\/2"}],"replies":[{"embeddable":true,"href":"https:\/\/www.kastens.net\/WPSub\/dokumentation\/index.php?rest_route=%2Fwp%2Fv2%2Fcomments&post=589"}],"version-history":[{"count":2,"href":"https:\/\/www.kastens.net\/WPSub\/dokumentation\/index.php?rest_route=\/wp\/v2\/pages\/589\/revisions"}],"predecessor-version":[{"id":593,"href":"https:\/\/www.kastens.net\/WPSub\/dokumentation\/index.php?rest_route=\/wp\/v2\/pages\/589\/revisions\/593"}],"up":[{"embeddable":true,"href":"https:\/\/www.kastens.net\/WPSub\/dokumentation\/index.php?rest_route=\/wp\/v2\/pages\/368"}],"wp:attachment":[{"href":"https:\/\/www.kastens.net\/WPSub\/dokumentation\/index.php?rest_route=%2Fwp%2Fv2%2Fmedia&parent=589"}],"curies":[{"name":"wp","href":"https:\/\/api.w.org\/{rel}","templated":true}]}}