{"id":54,"date":"2020-11-01T14:55:31","date_gmt":"2020-11-01T14:55:31","guid":{"rendered":"https:\/\/kastens.net\/WPSub\/dokumentation\/?page_id=54"},"modified":"2023-03-25T19:19:48","modified_gmt":"2023-03-25T19:19:48","slug":"ergebnisse","status":"publish","type":"page","link":"https:\/\/www.kastens.net\/WPSub\/dokumentation\/?page_id=54","title":{"rendered":"Ergebnisse"},"content":{"rendered":"\n<p>Das hier wird eine reine Dokumentation der Vorgehensweise. Relevante Informationen werden direkt als Seiten in der Dokumentationshomepage abgelegt.<\/p>\n\n\n\n<p>Eine grundlegende Doku f\u00fcr eine Migration auf ein anderes NAS von Synology ist <a rel=\"noreferrer noopener\" href=\"https:\/\/www.synology.com\/de-de\/knowledgebase\/DSM\/tutorial\/General_Setup\/How_to_migrate_between_Synology_NAS_DSM_6_0_and_later\" target=\"_blank\">hier<\/a> zu finden. Da ich nur ein NAS haben, wende ich es angepasst an. <a rel=\"noreferrer noopener\" href=\"https:\/\/www.synology.com\/de-de\/knowledgebase\/DSM\/tutorial\/General_Setup\/How_to_reset_my_Synology_NAS\" target=\"_blank\">Hier<\/a> aber auch der Artikel zum Reset auf der Synology Homepage.<\/p>\n\n\n\n<p>Meine konkreten Schritte:<\/p>\n\n\n\n<h2 class=\"wp-block-heading\">Rahmenbedingungen<\/h2>\n\n\n\n<ul class=\"wp-block-list\">\n<li>Auf Basis meiner Vorarbeit habe ich wieder 2 Seagate Festplatten im NAS, die lediglich Volumes f\u00fcr die gemeinsamen Ordner enthalten<\/li>\n<\/ul>\n\n\n\n<h2 class=\"wp-block-heading\">erledigte Vorarbeiten<\/h2>\n\n\n\n<ul class=\"wp-block-list\">\n<li>Volumes sind verschoben. Aufwand: Quasi ein Tag<\/li>\n\n\n\n<li>Dokumentation der Umgebung &#8211; ist das hier, wobei bei der Einrichtung gleich erweitert wird<\/li>\n\n\n\n<li>Steuer: Wurde nicht migriert, liegt also im Notfall auf den alten Platten. Ich werde iSCSI Initiator als Paket installieren, die LUN Sicherung zur\u00fcckspielen und pr\u00fcfen, ob ich wieder Zugriff habe. Wenn o.k., stirbt die Freigabe auf der alten Platte und ich l\u00f6sche die Sicherung des gemeinsamen Ordners in Hyperbackup (wird ja dann \u00fcber LUN Sicherung laufen)<\/li>\n\n\n\n<li>Maria DB wurde f\u00fcr die drei relevanten Datenbanken erstellt<\/li>\n\n\n\n<li>Sicherungen sind alle nochmal manuell an 1.11.2020 gelaufen und heute Nacht (2.11.2020) ist eine regul\u00e4re Version dazu gekommen.<\/li>\n<\/ul>\n\n\n\n<h2 class=\"wp-block-heading\">Planabarbeitung<\/h2>\n\n\n\n<h3 class=\"wp-block-heading\">Grundinstallation<\/h3>\n\n\n\n<ul class=\"wp-block-list\">\n<li>Ich weiche davon bewusst direkt ab. Heute fr\u00fch nur wenig Zeit. Wichtig ist, dass der Zugriff auf die LAN Ressourcen wieder l\u00e4uft. Antivirus Essential mache ich heute Abend.<\/li>\n\n\n\n<li>\u00dcber die Resetfunktion mache ich den vollst\u00e4ndigen Reset des NAS, also nicht nur Admin und Netzwerk, sondern komplettes System (Daten werden nicht gel\u00f6scht)<\/li>\n\n\n\n<li>Das bedeutet, dass ich die aktuelle DSM Software f\u00fcr das NAS aus dem internet hole und im Zuge der folgenden Reset Variante (siehe Verlinkung oben) neu installiere:\n<ul class=\"wp-block-list\">\n<li>Suchen Sie die <strong>RESET<\/strong>-Taste auf der R\u00fcckseite Ihres Synology NAS (Ggfs. die <strong>Hardware-Installationsanleitung<\/strong> Ihres Synology NAS-Modells im Download Center bei Synology suchen, wenn Sie Schwierigkeiten haben, die RESET-Taste zu finden.). <\/li>\n\n\n\n<li>Halten Sie die <strong>RESET<\/strong>-Taste mit einer B\u00fcroklammer etwa 4 Sekunden lang leicht gedr\u00fcckt, bis Sie einen Signalton h\u00f6ren. Lassen Sie die Taste sofort los und halten Sie sie dann erneut 4 Sekunden lang gedr\u00fcckt, bis sie 3 weitere Signalt\u00f6ne h\u00f6ren. <\/li>\n\n\n\n<li>Warten Sie etwa 2 Minuten, bis die Statusanzeige auf Ihrem Synology NAS orange blinkt. Dies zeigt an, dass Ihr Synology NAS und die Systemkonfigurationen erfolgreich zur\u00fcckgesetzt wurden. Um DSM neu zu installieren, geben Sie bitte <strong>find.synology.com<\/strong> (Hinweis: Auf meinem Linux lief das in einem privaten Fenster des Firefox, nicht aber in der Normalvariante &#8211; also der Aufruf. Im Ergebnis konnte ich dann aber auch kein NAS finden. In so einem Fall kann man noch den Synology Assistant bei Synology herunterladen und damit das NAS suchen) in der Suchleiste Ihres Webbrowsers ein und suchen Sie Ihren Synology NAS auf der Seite <strong>Web Assistant<\/strong>. Der Servername Ihres Synology NAS sollte je nach Ihrem Synology NAS-Modell DiskStation, FlashStation oder RackStation lauten und der Status sollte <strong>Konfiguration verloren<\/strong> lauten.<\/li>\n<\/ul>\n<\/li>\n\n\n\n<li>Man kommt auf diese Weise an den Assistenten, der als erstes einmal die DSM Software installiert. In diesem Zuge wird auch das lokale Admin Konto gesetzt und der Name der Diskstation abgefragt. Das System ist automatisch auf DHCP gestellt, was in meinem Setup o.k. ist, da die Fritz Box eine IP Adresse per manuellem DHCP vergibt.<\/li>\n\n\n\n<li>Nach der Erstanmeldung kommen diverse Abfragen zu Gesch\u00e4ftsbedingungen etc. und dann ist die Oberfl\u00e4che da. Kurze \u00dcberpr\u00fcfung zeigt die gemeinsamen Ordner an. In der Systemsteuerung setze ich den erweiterten Modus, um Zugriff auf alle Einstellungen zu haben. Zus\u00e4tzlich schaue ich auf die Volumes und wie erwartet habe ich Volume 5 f\u00fcr Pakete, Volume 9 f\u00fcr iSCSI und Volume 10 als Datenpool.<\/li>\n\n\n\n<li>Das Paketzentrum f\u00e4llt mit rotem Punkt aus. Universal Search m\u00f6chte ein Update haben. Wird entsprechend ausgef\u00fchrt.<\/li>\n\n\n\n<li>Es kommt ein Hinweis auf den Sicherheitsberater, den ich auch sofort aktiviere. Im Ergebnis habe ich nicht die aktuellste DSM Version. Also Update des DSM mit Neustart.<\/li>\n<\/ul>\n\n\n\n<h3 class=\"wp-block-heading\">Einrichtung von Paketen<\/h3>\n\n\n\n<ul class=\"wp-block-list\">\n<li>3 Pakete sind derzeit installiert:\n<ul class=\"wp-block-list\">\n<li>OAuth Service<\/li>\n\n\n\n<li>File Station<\/li>\n\n\n\n<li>Universal Search (Update verf\u00fcgbar)<\/li>\n<\/ul>\n<\/li>\n\n\n\n<li>Das OAuth Paket l\u00e4sst sich ohne Abh\u00e4ngigkeiten deinstallieren, daher mache ich das auch.<\/li>\n\n\n\n<li>Ich \u00fcberpr\u00fcfe im Paket Zentrum den Installationsort f\u00fcr neue Pakete und lege diesen auf Volume 5<\/li>\n\n\n\n<li>Ich installiere den LDAP Server<\/li>\n\n\n\n<li>Ich installiere HyperBackup, um LDAP zur\u00fcckzusichern<\/li>\n\n\n\n<li>F\u00fcr das Einlesen der Konfiguration \u00e4ndere ich den Namen des USB Laufwerks wieder auf USBackup<\/li>\n\n\n\n<li>WICHTIG! Derzeit noch keine Sicherungsaufgaben einrichten, sondern \u00fcber Wiederherstellung auf bestehende Repositories zugreifen.<br>Ich greife nur auf 1 Systemdaten zu und nutze tats\u00e4chlich die Systemwiederherstellung und gehe auf den Stand von heute Nacht.<br>-&gt; Daf\u00fcr muss ich als User admin angemeldet sein, weil er sonst meint, dass das nicht funktioniert, also den User aktiviert, um ihn sp\u00e4ter zu deaktivieren.<br>Gemeinsame Ordner stelle ich in diesem Zuge nicht wieder her, sondern nur den LDAP Server unter Pakete (also die Einstellungen)<br>Ergebnis: Hat funktioniert. Laufwerkszugriffe und User sind wieder hergestellt.<\/li>\n\n\n\n<li>Als n\u00e4chstes habe ich erst einmal ein Zertifikat \u00fcber Let&#8217;s Encrypt f\u00fcr msds.kastens.net und muenster.kastens.net bezogen.<\/li>\n\n\n\n<li>Dann ist es sinnvoll auch den ssh Zugang wieder zu aktivieren, um die Speicherorte der Paketinstallationen zu \u00fcberpr\u00fcfen<\/li>\n\n\n\n<li>Und f\u00fcr den Zugriff von au\u00dfen muss dynDNS aktiviert werden<\/li>\n\n\n\n<li>Dann kommt das wichtige Thema Kalendersynchronisation. Daf\u00fcr wird als erstes webdav installiert<\/li>\n\n\n\n<li>Es folgt wieder eine R\u00fccksicherung der Paketdaten \u00fcber Hyperbackup<\/li>\n\n\n\n<li>Damit ist webdav grunds\u00e4tzlich einsatzbereit, nur die Kalender sind nicht funktionsf\u00e4hig. Das Procedere ist aber bei den Paketen beschrieben. Letzten Endes laufen die Kalender wieder.<\/li>\n\n\n\n<li>Dann mache ich den n\u00e4chsten Anlauf mit dem Virenscanner Antivirus Essential (Clam AV). Installation kein Problem. Update dauert fast eine Stunde, aber danach ist der auch aktuell. Vollst\u00e4ndiger Virenscan l\u00e4uft schon den ganzen Tag. Der Virenscanner nutzt viel CPU und Memory sowohl bei Virenpatternupdate als auch beim Scan.<\/li>\n\n\n\n<li>Virenscan habe ich nach einigen Tagen abgebrochen. Es l\u00e4uft nur noch t\u00e4glich ein Systemscan. Thema kann ich nochmals aufgreifen, wenn der Rest eingerichtet ist.<\/li>\n\n\n\n<li>Jetzt brauche ich einmal meine Steuerdaten, die als iSCSI LUN abgelegt sind. Das entsprechende Paket geh\u00f6rt zur Grundausstattung (also kein paket in dem Sinne, sondern integriert in DSM).<br>Ich nutze erneut Hyperbackup und w\u00e4hle die R\u00fccksicherung eines LUN aus. Ich kann dann die Freigabe der Quelle w\u00e4hlen (USBackup) und mir werden die gesicherten LUN angezeigt (Steuer). Nach Auswahl und Best\u00e4tigung des Zielvolumes (9) wird wiederhergestellt und das LUN auch direkt mit eingerichtet.<br>Nach Start der virtuellen Maschine f\u00fcr Windows habe ich die iSCSI Freigabe leider nicht direkt im Zugriff gehabt. Nach Pr\u00fcfung ist auf der Diskstation die CHAP Hinbterlegung verschwunden. Ich aktiviere daher wechselseitiges Chap und hinterlege die Passwortdaten aus dem AmP<\/li>\n\n\n\n<li>Als n\u00e4chstes kommt Notestation dran. Installation siehe Pakete<\/li>\n\n\n\n<li>Das wichtigste ist damit schon erledigt. Zu Testzecken installiere ich jetzt einmal den Mailserver der Synology und Mailstation &#8211; siehe wieder Pakete f\u00fcr Details. In Kombination kann man damit Mails von mehreren Konten via POP3 abholen und zentral im Benutzerkonto der Diskstation zur Verf\u00fcgung stellen.<\/li>\n\n\n\n<li>F\u00fcr die Datensicherung nach Barenburg brauche ich den lokalen DNS Server der Diskstation, damit die IP Adresse zum DNS Namen auf die interne IP gemappt und damit \u00fcber den VPN Tunnel gesendet wird.<\/li>\n\n\n\n<li>In Hyperbackup habe ich jetzt eine Systemsicherung aktiviert und eine Datensicherung.<\/li>\n\n\n\n<li>So jetzt wird es Zeit f\u00fcr Kolles Fotos die Cloud Station in Betrieb zu nehmen. Mit Synology Drive hatte ich ja die besagten Performance Probleme. Mal schauen, wie das jetzt performed.<\/li>\n<\/ul>\n\n\n\n<p>todo:<\/p>\n\n\n\n<ul class=\"wp-block-list\">\n<li>Systemeinstellungen zur\u00fccksichern<\/li>\n\n\n\n<li>E-Mail Benachrichtungen einrichten<\/li>\n\n\n\n<li>Ulla und Kolle Drive Ordner<\/li>\n\n\n\n<li>AV Komplettscan?<\/li>\n<\/ul>\n\n\n\n<p><\/p>\n","protected":false},"excerpt":{"rendered":"<p>Das hier wird eine reine Dokumentation der Vorgehensweise. Relevante Informationen werden direkt als Seiten in der Dokumentationshomepage abgelegt. Eine grundlegende Doku f\u00fcr eine Migration auf ein anderes NAS von Synology ist hier zu finden. Da ich nur ein NAS haben, wende ich es angepasst an. Hier aber auch der Artikel zum Reset auf der Synology Homepage. Meine konkreten Schritte: Rahmenbedingungen erledigte Vorarbeiten Planabarbeitung Grundinstallation Einrichtung von Paketen todo:<\/p>\n","protected":false},"author":1,"featured_media":0,"parent":23,"menu_order":3,"comment_status":"closed","ping_status":"closed","template":"","meta":{"footnotes":""},"class_list":["post-54","page","type-page","status-publish","hentry"],"_links":{"self":[{"href":"https:\/\/www.kastens.net\/WPSub\/dokumentation\/index.php?rest_route=\/wp\/v2\/pages\/54","targetHints":{"allow":["GET"]}}],"collection":[{"href":"https:\/\/www.kastens.net\/WPSub\/dokumentation\/index.php?rest_route=\/wp\/v2\/pages"}],"about":[{"href":"https:\/\/www.kastens.net\/WPSub\/dokumentation\/index.php?rest_route=\/wp\/v2\/types\/page"}],"author":[{"embeddable":true,"href":"https:\/\/www.kastens.net\/WPSub\/dokumentation\/index.php?rest_route=\/wp\/v2\/users\/1"}],"replies":[{"embeddable":true,"href":"https:\/\/www.kastens.net\/WPSub\/dokumentation\/index.php?rest_route=%2Fwp%2Fv2%2Fcomments&post=54"}],"version-history":[{"count":31,"href":"https:\/\/www.kastens.net\/WPSub\/dokumentation\/index.php?rest_route=\/wp\/v2\/pages\/54\/revisions"}],"predecessor-version":[{"id":504,"href":"https:\/\/www.kastens.net\/WPSub\/dokumentation\/index.php?rest_route=\/wp\/v2\/pages\/54\/revisions\/504"}],"up":[{"embeddable":true,"href":"https:\/\/www.kastens.net\/WPSub\/dokumentation\/index.php?rest_route=\/wp\/v2\/pages\/23"}],"wp:attachment":[{"href":"https:\/\/www.kastens.net\/WPSub\/dokumentation\/index.php?rest_route=%2Fwp%2Fv2%2Fmedia&parent=54"}],"curies":[{"name":"wp","href":"https:\/\/api.w.org\/{rel}","templated":true}]}}