{"id":391,"date":"2022-01-12T19:47:43","date_gmt":"2022-01-12T19:47:43","guid":{"rendered":"https:\/\/kastens.net\/WPSub\/dokumentation\/?page_id=391"},"modified":"2023-03-26T13:12:27","modified_gmt":"2023-03-26T13:12:27","slug":"neuinstallation-von-linux-2","status":"publish","type":"page","link":"https:\/\/www.kastens.net\/WPSub\/dokumentation\/?page_id=391","title":{"rendered":"Neuinstallation von Linux \/ Grundlegendes"},"content":{"rendered":"\n<p>Da ich (noch) kein absoluter Linuxexperte bin, mach ich da manchmal was kaputt (Spielkind) aber in seltenen F\u00e4llen krieg es nicht selbst gefixt.<\/p>\n\n\n\n<p>Also gibt es manchmal eine Neuinstallation. Manchmal auch einfach wegen einer neuen Mint Version&#8230; wenn ich mal mit einer neuen Version frisch und ohne Ballst anfangen will.<\/p>\n\n\n\n<p>Um nicht immer \u00fcberlegen zu m\u00fcssen, mache ich mir hier halt so Notizen in den Unterkapiteln. Die wesentlichen Basics des Linux (Mint auf Basis Ubuntu sprich Debian) halte ich mal hier fest:<\/p>\n\n\n\n<h2 class=\"wp-block-heading\">Verzeichnisstruktur<\/h2>\n\n\n\n<div class=\"wp-block-columns is-layout-flex wp-container-core-columns-is-layout-9d6595d7 wp-block-columns-is-layout-flex\">\n<div class=\"wp-block-column is-layout-flow wp-block-column-is-layout-flow\" style=\"flex-basis:100%\">\n<p>  \/ &#8211; Root &#8211; Das Wurzelverzeichnis. Alle anderen Verzeichnisse, Ger\u00e4te whatever werden irgendwor im Verzeichnisbaum eingef\u00fcgt. Die Wurzel ist halt &#8222;Root&#8220;<\/p>\n\n\n\n<p>\/etc &#8211; Verzeichnis f\u00fcr die grundlegenden Konfigurationsdateien<\/p>\n\n\n\n<p>\/boot &#8211; Bootloader Informationen<\/p>\n\n\n\n<p>\/var\/log\/syslog &#8211; F\u00fcr Syslogmeldungen definiert, \u00fcbernimmt also im Norfall die Systemmeldungen und kann f\u00fcr Troubleshooting genutzt werden.<\/p>\n\n\n\n<p>\/lib\/firmware &#8211; Ger\u00e4tefirmware \/ -treiber<\/p>\n<\/div>\n<\/div>\n\n\n\n<div class=\"wp-block-columns is-layout-flex wp-container-core-columns-is-layout-9d6595d7 wp-block-columns-is-layout-flex\"><\/div>\n","protected":false},"excerpt":{"rendered":"<p>Da ich (noch) kein absoluter Linuxexperte bin, mach ich da manchmal was kaputt (Spielkind) aber in seltenen F\u00e4llen krieg es nicht selbst gefixt. Also gibt es manchmal eine Neuinstallation. Manchmal auch einfach wegen einer neuen Mint Version&#8230; wenn ich mal mit einer neuen Version frisch und ohne Ballst anfangen will. Um nicht immer \u00fcberlegen zu m\u00fcssen, mache ich mir hier halt so Notizen in den Unterkapiteln. Die wesentlichen Basics des&hellip;<\/p>\n","protected":false},"author":1,"featured_media":0,"parent":103,"menu_order":1,"comment_status":"closed","ping_status":"closed","template":"","meta":{"footnotes":""},"class_list":["post-391","page","type-page","status-publish","hentry"],"_links":{"self":[{"href":"https:\/\/www.kastens.net\/WPSub\/dokumentation\/index.php?rest_route=\/wp\/v2\/pages\/391","targetHints":{"allow":["GET"]}}],"collection":[{"href":"https:\/\/www.kastens.net\/WPSub\/dokumentation\/index.php?rest_route=\/wp\/v2\/pages"}],"about":[{"href":"https:\/\/www.kastens.net\/WPSub\/dokumentation\/index.php?rest_route=\/wp\/v2\/types\/page"}],"author":[{"embeddable":true,"href":"https:\/\/www.kastens.net\/WPSub\/dokumentation\/index.php?rest_route=\/wp\/v2\/users\/1"}],"replies":[{"embeddable":true,"href":"https:\/\/www.kastens.net\/WPSub\/dokumentation\/index.php?rest_route=%2Fwp%2Fv2%2Fcomments&post=391"}],"version-history":[{"count":4,"href":"https:\/\/www.kastens.net\/WPSub\/dokumentation\/index.php?rest_route=\/wp\/v2\/pages\/391\/revisions"}],"predecessor-version":[{"id":514,"href":"https:\/\/www.kastens.net\/WPSub\/dokumentation\/index.php?rest_route=\/wp\/v2\/pages\/391\/revisions\/514"}],"up":[{"embeddable":true,"href":"https:\/\/www.kastens.net\/WPSub\/dokumentation\/index.php?rest_route=\/wp\/v2\/pages\/103"}],"wp:attachment":[{"href":"https:\/\/www.kastens.net\/WPSub\/dokumentation\/index.php?rest_route=%2Fwp%2Fv2%2Fmedia&parent=391"}],"curies":[{"name":"wp","href":"https:\/\/api.w.org\/{rel}","templated":true}]}}