{"id":389,"date":"2022-01-12T19:06:23","date_gmt":"2022-01-12T19:06:23","guid":{"rendered":"https:\/\/kastens.net\/WPSub\/dokumentation\/?page_id=389"},"modified":"2022-02-19T12:20:38","modified_gmt":"2022-02-19T12:20:38","slug":"neuinstallation-von-linux-01-2022","status":"publish","type":"page","link":"https:\/\/www.kastens.net\/WPSub\/dokumentation\/?page_id=389","title":{"rendered":"Neuinstallation von Linux 01\/2022"},"content":{"rendered":"\n<p>So diesmal neue Linux Version 20.3 von Mint. Auch ein leichter Fehler mit der Grafikkarte hat mich dann in die Entscheidung gedr\u00fcckt, das ganze nicht als Update, sondern als Neuinstallation durch zu ziehen.<\/p>\n\n\n\n<div class=\"wp-block-group\"><div class=\"wp-block-group__inner-container is-layout-flow wp-block-group-is-layout-flow\">\n<h2 class=\"wp-block-heading\">Grunds\u00e4tzliche Parameter:<\/h2>\n\n\n\n<ul class=\"wp-block-list\"><li>BootEFI Partition \u00fcbernommen (inkl. der M\u00f6glichkeit Win10 zu starten)<\/li><li>40 Gigabyte Root Partition<\/li><li>ca. 50 GByte Homes Partition<\/li><li>neu hinzugekommen in 02\/2022 ist eine Partition boinc, die per fstab automatisch in va\/lib\/boinc-client eingebunden wird<\/li><li>vorhandene Partition SSDPlus und HDDPlus \u00fcbernommen<\/li><\/ul>\n\n\n\n<p>Jetzt noch zum Filesystem. Ich bin inzwischen \u00fcberzeugt, dass btrfs schon Vorteile gegen\u00fcber ext4 hat. Nachteil ist allerdings, dass mein Active Backup dann ins leere l\u00e4uft, da von der Synology L\u00f6sung keine btrfs Filesysteme unterst\u00fctzt werden. Ist mir noch nicht so ganz klar warum, weil auf der Syno selbst btrfs zwang ist f\u00fcr manche Applikationen aber vielleicht kommt das irgendwann mal. Diesmal hatte ich ohne Anleitung gearbeitet und ei btrfs Abh\u00e4ngigkeit ist mir erst aufgefallen, nachdem das System weit fortgeschritten installiert war. Also werde ich jetzt mal wieder mit btrfs spielen und timeshift f\u00fcr Snapshots nutzen.<\/p>\n<\/div><\/div>\n\n\n\n<div class=\"wp-block-group\"><div class=\"wp-block-group__inner-container is-layout-flow wp-block-group-is-layout-flow\">\n<div class=\"wp-block-group\"><div class=\"wp-block-group__inner-container is-layout-flow wp-block-group-is-layout-flow\">\n<h2 class=\"wp-block-heading\" id=\"Updates\"><span data-mce-type=\"bookmark\" id=\"mce_1_start\" data-mce-style=\"overflow:hidden;line-height:0px\" style=\"overflow:hidden;line-height:0px\"><span data-mce-type=\"bookmark\" id=\"mce_1_start\" data-mce-style=\"overflow:hidden;line-height:0px\" style=\"overflow:hidden;line-height:0px\"><span data-mce-type=\"bookmark\" id=\"mce_1_start\" data-mce-style=\"overflow:hidden;line-height:0px\" style=\"overflow:hidden;line-height:0px\"><span data-mce-type=\"bookmark\" id=\"mce_1_end\" data-mce-style=\"overflow:hidden;line-height:0px\" style=\"overflow:hidden;line-height:0px\">Updates<span data-mce-type=\"bookmark\" id=\"mce_1_end\" data-mce-style=\"overflow:hidden;line-height:0px\" style=\"overflow:hidden;line-height:0px\"><\/span><\/span><\/span><\/span><\/span><\/h2>\n\n\n\n<p>Das kann man sich<span data-mce-type=\"bookmark\" id=\"mce_1_start\" data-mce-style=\"overflow:hidden;line-height:0px\" style=\"overflow:hidden;line-height:0px\"><span data-mce-type=\"bookmark\" id=\"mce_1_start\" data-mce-style=\"overflow:hidden;line-height:0px\" style=\"overflow:hidden;line-height:0px\"><span data-mce-type=\"bookmark\" id=\"mce_1_end\" data-mce-style=\"overflow:hidden;line-height:0px\" style=\"overflow:hidden;line-height:0px\">er h\u00e4ufiger wiederholen. Grunds\u00e4tzlich passt der Update Manager aber auch auf und wei\u00dft auf sinnvolle Updates hin. Sicher einer der wesentlichsten Vorteile von Linux als Desktop im Vergleich zu Windows!<\/span><\/span><\/span><\/p>\n\n\n\n<blockquote class=\"wp-block-quote is-layout-flow wp-block-quote-is-layout-flow\"><p>s<span data-mce-type=\"bookmark\" id=\"mce_1_start\" data-mce-style=\"overflow:hidden;line-height:0px\" style=\"overflow:hidden;line-height:0px\">udo apt update<br>sudo apt upgrade<br>sudo apt autoclean<br>sudo apt autoremov<span data-mce-type=\"bookmark\" id=\"mce_1_end\" data-mce-style=\"overflow:hidden;line-height:0px\" style=\"overflow:hidden;line-height:0px\">e<\/span><\/span><\/p><\/blockquote>\n\n\n\n<p>Und grunds\u00e4tzlich nach den System Reports schauen. Da kommt manchmal ne Meldung wegen Upgrade auf neue Version aber auch der Hinweis auf Einrichtung Timeshift nach Neuinstallation. Da muss man dann schau8en, ob man Timeshift nutzen m\u00f6chte, oder eine andere Datensicherungsoption hat.<\/p>\n<\/div><\/div>\n<\/div><\/div>\n\n\n\n<div class=\"wp-block-group\"><div class=\"wp-block-group__inner-container is-layout-flow wp-block-group-is-layout-flow\">\n<h2 class=\"wp-block-heading\">Root Passwort<\/h2>\n\n\n\n<p>Im n\u00e4chsten Schritt habe ich das root Passwort nach meiner Vorliebe gesetzt &#8211; <a href=\"https:\/\/kastens.net\/WPSub\/dokumentation\/?page_id=112#rootpasswortsetzen\">siehe Doku<\/a><\/p>\n<\/div><\/div>\n\n\n\n<div class=\"wp-block-group\"><div class=\"wp-block-group__inner-container is-layout-flow wp-block-group-is-layout-flow\">\n<h2 class=\"wp-block-heading\" id=\"systemsettings\">Systemeinstellungen<\/h2>\n\n\n\n<ul class=\"wp-block-list\"><li>Dann schon mal die mounts aus der alten \/etc\/fstab in die Neue \u00fcbernehmen (brauche ich gleich mind. f\u00fcr Thunderbird lokale Ordner)<br>Dazu geh\u00f6rt auch die Einrichtung einer RAM Disk. Zur Einrichtung sei auf diesen <a href=\"https:\/\/wiki.ubuntuusers.de\/RAM-Disk_erstellen\/\">Link<\/a> verwiesen.<br>F\u00fcr die Netz-Ressourcen ben\u00f6tige ich auch meine .credentials aus meinem alten Homeverzeichnis (bzw. der entsprechenden Sicherung)<\/li><li>Manche Befehle m\u00f6chte man einfach ein wenig anpassen und das geht recht einfach. Die .bash_aliases wird aus meiner Sicherung in mein Homeverzeichnis zur\u00fcckgespielt.<br><a rel=\"noreferrer noopener\" href=\"https:\/\/kastens.net\/WPSub\/dokumentation\/?page_id=360#bash_aliases\" target=\"_blank\">Hier<\/a> habe ich den Hintergrund beschrieben. <\/li><li>Der vim (vi) ist DER Standard Texteditor auf der Linux Konsole. F\u00fcr mich als Umsteiger von Windows zwar gew\u00f6hnungsbed\u00fcrftig (oder ich bin einfach zu alt, mir die ganzen Shortcuts zu merken) ist ein wenig &#8222;Tuning&#8220; hilfreich. Das Ergebnis kann durch R\u00fcckspielen der gesicherten .vimrc in mein Homeverzeichnis erreicht werden.<br><a rel=\"noreferrer noopener\" href=\"https:\/\/kastens.net\/WPSub\/dokumentation\/?page_id=360#vimrc\" target=\"_blank\">Hier<\/a> habe ich den Hintergrund beschrieben. <\/li><\/ul>\n<\/div><\/div>\n\n\n\n<div class=\"wp-block-group\"><div class=\"wp-block-group__inner-container is-layout-flow wp-block-group-is-layout-flow\">\n<h2 class=\"wp-block-heading\">Desktop einrichten<\/h2>\n\n\n\n<p>Dann ein paar grunds\u00e4tzliche Einstellungen, damit ich mit dem Desktop meinen Spa\u00df habe. Daf\u00fcr muss auch schon ein wenig an Systemdateien rum gebastelt werden.<\/p>\n\n\n\n<ol class=\"wp-block-list\"><li>Einrichtung der Panel Leisten<ol><li>Ich m\u00f6chte auf beiden Monitoren ne Leiste habe<\/li><li>Am Hauptmonitor werden aktive Fenster mittig angezeigt<\/li><li>Am nebenmonitor blende ich mir mittig die Workspaces ein<\/li><li>Zus\u00e4tzlich am Nebenmonitor auch die System Icons unten rechts analog zum Hauptmonitor<\/li><li>Rest ist dann finetuning und Geschmackssache, die auch mal variiert.<\/li><\/ol><\/li><li>Scripting Verzeichnis in Home wieder aus dem alten Home Verzeichnis aktiviert<\/li><li>Einrichtung von Desktop Shortcuts zu folgenden Dateien<ol><li>~\/Scripting\/backup_local\/backup.sh<\/li><li>~\/Scripting\/backup_local\/backup_mit_neustart.sh<\/li><li>~\/Scripting\/LAN_Ressourcen\/st\u00e4ndige_LAN_Ressourcen.sh<\/li><li>~\/Scripting\/LAN_Ressourcen\/restliche_LAN_Ressourcen.sh<\/li><\/ol><\/li><li>Und dann noch das Thema Autostart<br>Hier werden einige Programme mit Zeitverzug und auf unterschiedlichen Desktops gestartet. Problem zu diesem Zeitpunkt: Noch nicht alle Programme, die in meinem Script vorkommen sind installiert. Das Script liefert also m\u00f6glicherweise Fehler im Hintergrund, aber der erste Part in dem Script ist das Mounten des pers\u00f6nlichen Home Verzeichnisses vom NAS als DatenMatze und das wird f\u00fcr die lokalen Ordner in Thunderbird gebracht.<br>Das Script (~\/Scripting\/autstart.sh) welches mit dem Autostart Tool eingebunden wird, bekommt keine Verz\u00f6gerung zugewiesen und als command wird halt das Script \u00fcbergeben. Es sorgt f\u00fcr<ul><li>Mount Home Verzeichnis vom NAS in DatenMatze<\/li><li>Aufruf Birdtray (und damit auch Thunderbird) als Tray Icon (noch nicht installiert)<\/li><li>Aufruf System Monitor und PulseAudio auf Desktop 1<\/li><li>Aufruf BoincManager auf Desktop 2 (noch nicht installiert)<\/li><\/ul><\/li><\/ol>\n<\/div><\/div>\n\n\n\n<div class=\"wp-block-group\"><div class=\"wp-block-group__inner-container is-layout-flow wp-block-group-is-layout-flow\">\n<h2 class=\"wp-block-heading\">Zus\u00e4tzliche Repositorys<\/h2>\n\n\n\n<p>\u00dcber zus\u00e4tzliche Repositorys gibt man dem System (Update Manager) den Zugriff auf weitere Paketquellen. Das sollte nat\u00fcrlich mit bedacht genutzt werden, da auch ein Repository daf\u00fcr sorgen kann, dass Schadcode ins System kommt.<\/p>\n\n\n\n<p>Warum dann \u00fcberhaupt \u00fcber den Systemstandard hinaus gehende Repositorys? Weil manche Software vielleicht wirklich nicht in den Standard Repos srin sind (Mir ist da bislang nicht wichtiges untergekommen), oder aber weil manche SW im Standard Repo nicht auf dem aktuellsten Versionsstand ist (was grunds\u00e4tzlich kein gro\u00dfes Problem ist). Manchmal sind aber in den neueren Versionen von Software bestimmte Funktionen enthalten, die man nutzen m\u00f6chte.<\/p>\n\n\n\n<p>Bedeutet aber f\u00fcr jedes Repo, was ich hier auff\u00fchre: Bevor man es einbindet, sollte man pr\u00fcfen, ob der Mangel nicht inzwischen im Standard Repo behoben ist. Dann macht es n\u00e4mlich keinen Sinn mehr.<\/p>\n<\/div><\/div>\n\n\n\n<div class=\"wp-block-group\"><div class=\"wp-block-group__inner-container is-layout-flow wp-block-group-is-layout-flow\">\n<h3 class=\"wp-block-heading\">Thunderbird Repo<\/h3>\n\n\n\n<p>Tunderbird ist nat\u00fcrlich im Standard Repo enthalten, wird dort aber (Stand 01\/2022) nur in der Version 78* angeboten. Die Entwicjklung hat bei Thunderbird aber berteit vor Geraumer Zeit einenj Sprung von 78* auf 90* gemacht. Aktuell ist derzeit 91.5.0. Da ich meine Thunderbird Profile zwischen Windows und Linux schon mal hin und her kopiere, war mir daran gelegen, hier auch auf die 91er Version zu kommen. L\u00f6sung hinsichtlich Repository:<\/p>\n\n\n\n<blockquote class=\"wp-block-quote is-layout-flow wp-block-quote-is-layout-flow\"><p>sudo add-apt-repository ppa:ubuntu-mozilla-security\/ppa<br>sudo apt-get update<\/p><cite>https:\/\/launchpad.net\/~ubuntu-mozilla-security\/+archive\/ubuntu\/ppa?field.series_filter=bionic<\/cite><\/blockquote>\n<\/div><\/div>\n\n\n\n<div class=\"wp-block-group\"><div class=\"wp-block-group__inner-container is-layout-flow wp-block-group-is-layout-flow\">\n<h3 class=\"wp-block-heading\">Remmina Repo<\/h3>\n\n\n\n<p>Remmina ist mein absoluter Liebling f\u00fcr RDP Sessions. Ich habe auf meinem NAS zwei Win10 VMs am laufen und kann mit Remina f\u00fcr die verschi3edenen Umgebungen und die unterschiedlichen User Profile hinterlegen und damit sehr effizient auf die VMs zugreifen. Nun ist Remmina im Standard Repo auch nicht in der aktuellsten Version vorhanden. Und die dort vorhandene Version unterst\u00fctzt keinen Multimonitor Betrieb. Also habe ich mir folgendes Repo eingebunden:<\/p>\n\n\n\n<blockquote class=\"wp-block-quote is-layout-flow wp-block-quote-is-layout-flow\"><p>sudo add-apt-repository ppa:remmina-ppa-team\/remmina-next<br>sudo apt-get update<\/p><cite>https:\/\/remmina.org\/how-to-install-remmina\/<\/cite><\/blockquote>\n<\/div><\/div>\n\n\n\n<div class=\"wp-block-group\"><div class=\"wp-block-group__inner-container is-layout-flow wp-block-group-is-layout-flow\">\n<h2 class=\"wp-block-heading\">Sicherung von relevanten Dateien<\/h2>\n\n\n\n<p>Ich habe mir f\u00fcr wichtige Dateien, die ich bei einer Neuinstallation brauche bzw. aus denen ich Daten entnehmen muss, ein kleines Sicherungsscript gebastelt. Die Verlinkung ist bereits oben unter Desktop einrichten beschrieben. Wichtig zu wissen ist einfach, dass die entsprechenden Scripte unter ~\/Scripting\/backup_local\/ zu finden sind. Wichtige neue Dateien werden dort mit eingef\u00fcgt und dann bei Aufruf der manuellen Sicherung auf den Massenspeicher HDDPlus gesichert (kopiert). Versionierung \/ Rollierung ist hiermit nicht erforderlich, da ich das Backup Verzeichnis selbst in die Sicherung via Synology Drive einbinde und damit eine Versionierung erreiche.<\/p>\n<\/div><\/div>\n\n\n\n<div class=\"wp-block-group\"><div class=\"wp-block-group__inner-container is-layout-flow wp-block-group-is-layout-flow\">\n<h3 class=\"wp-block-heading\">Synology Drive<\/h3>\n\n\n\n<p>Womit wir Direkt beim Synology Drive Client w\u00e4ren. Am einfachsten auf der Diskstation die Drive Komponente (nicht den Admin) starten. Dort bekommt man eine zur DS passende Version zum Download PC angeboten. Das man ein Linux hat, erkennt das System selbst und es kommt eine passende Datei, die mit dem Installer problemlos ausgef\u00fchrt werden kann.<\/p>\n\n\n\n<p>Dann noch einrichten:<\/p>\n\n\n\n<ul class=\"wp-block-list\"><li>Ganz einfach: Ziel ist unsere Diskstation und nat\u00fcrlich mein &#8222;normaler nicht Admin&#8220; User<\/li><li>Gesichert wird das Verzeichnis \/mnt\/HDDPlus\/DS_Backup<\/li><li>Das ganze wird auf laufend eingestellt (Continous backup)<\/li><\/ul>\n\n\n\n<p>Immer wenn ich auf dem Desktop dann veranlasse, dass ein Backup l\u00e4uft, werden die Daten in das DS_Backup Verzeichnis geschrieben, der drive client synchronisiert den aktuellen Stand in das Backup-Verzeichnis meines Home Laufwerks auf dem Synology NAS und nachts wird eine aktuelle Version mit HyperBackup weggeschrieben. Fertig ist eine Versionierung der wichtigen Daten.<\/p>\n\n\n\n<p>Was ist drin im Backup?<\/p>\n\n\n\n<ul class=\"wp-block-list\"><li>Zum einen die Virtual Box Umgebung, um Siedler zu spielen, also das Image selbst, die zugeh\u00f6rige VirtualBox H\u00fclle und die Siedler Disk Images<\/li><li>Dann noch die Thunderbird Daten (Profil und Ordner mit den &#8222;local folders&#8220;<\/li><li>Und im Ordner system landen die von mir hier beschriebenen wichtigen Systemdateien.<\/li><\/ul>\n\n\n\n<p>Also so gesehen eigentlich eher System Themen. Die eigentlichen Daten, Bilder und Dokumente sind direkt auf LAN laufwerken und werden direkt auf dem NAS n\u00e4chtlich gesichert.<\/p>\n\n\n\n<h3 class=\"wp-block-heading\">Timeshift<\/h3>\n\n\n\n<p>Wenn schon btrfs f\u00fcr die System und home Partition genutzt wird, dann macht die Einrichtung von Timeshift richtig Sinn. Geringe zus\u00e4tzliche Speicherbelastung, daf\u00fcr aber Sicherungspunkte, die instand eingesetzt werden k\u00f6nnen und super funktionieren.<\/p>\n<\/div><\/div>\n\n\n\n<h2 class=\"wp-block-heading\"><span data-mce-type=\"bookmark\" id=\"mce_1_start\" data-mce-style=\"overflow:hidden;line-height:0px\" style=\"overflow:hidden;line-height:0px\">Anwendungen<\/span><\/h2>\n\n\n\n<p>Jetzt kommen die Installationen. Alternativ sind die Anwendungen auch \u00fcber den Software Manager zu beziehen, also die GUI. Ich beschreibe unten die Installation \u00fcber Terminal und apt.<\/p>\n\n\n\n<div class=\"wp-block-group\"><div class=\"wp-block-group__inner-container is-layout-flow wp-block-group-is-layout-flow\">\n<h3 class=\"wp-block-heading\">RDP Client<\/h3>\n\n\n\n<p>Mein Favourit ist Remmina<\/p>\n\n\n\n<blockquote class=\"wp-block-quote is-layout-flow wp-block-quote-is-layout-flow\"><p><span data-mce-type=\"bookmark\" id=\"mce_1_start\" data-mce-style=\"overflow:hidden;line-height:0px\" style=\"overflow:hidden;line-height:0px\">sudo apt install remmina remmina-plugin-rdp remmina-plugin-secret<\/span><\/p><\/blockquote>\n\n\n\n<p>Mit der Repo Eiinbindung oben kommt auch direkt eine Version mit Multimonitor Support an.<\/p>\n\n\n\n<p>Eine Alternative mit Multimonitor Support ist xfreerdp. Das ist aber auf reinen Vollbild Betrieb ausgelegt und ich habe keine M\u00f6glichkeit gefunden, zum Linux Desktop zur\u00fcckzukehren, ohne sich aus der Remote Session komplett abzumelden. Daher hier mal nicht n\u00e4her betrachtet.<\/p>\n<\/div><\/div>\n\n\n\n<div class=\"wp-block-group\"><div class=\"wp-block-group__inner-container is-layout-flow wp-block-group-is-layout-flow\">\n<h3 class=\"wp-block-heading\">ssh aktivieren<\/h3>\n\n\n\n<p>Um remote auf die Shell des Rechners zuzugreifen ist der openssh Server ein gutes Mittel:<\/p>\n\n\n\n<blockquote class=\"wp-block-quote is-layout-flow wp-block-quote-is-layout-flow\"><p>sudo apt install openssh-server<\/p><\/blockquote>\n\n\n\n<h3 class=\"wp-block-heading\">Firefox<\/h3>\n\n\n\n<p>Einrichtung muss noch beschrieben werden.<\/p>\n<\/div><\/div>\n\n\n\n<div class=\"wp-block-group\"><div class=\"wp-block-group__inner-container is-layout-flow wp-block-group-is-layout-flow\">\n<h3 class=\"wp-block-heading\">Thunderbird<\/h3>\n\n\n\n<p>In Mint ist Thunderbord bereits vorinstalliert. Durch meine Repo Auswahl weiter oben sollte gepr\u00fcft werden, ob der Thunderbird noch auf Version 78 oder bereits im 90er Bereich angekommen ist. Daf\u00fcr Thunderbird mit blanko Profil starten und pr\u00fcfen. Wenn das Repo sauber eingebunden ist, sollte das Standard <a href=\"#Updates\">Update Verfahren<\/a> ausreichen, um die aktuelle Version zu ziehen.<\/p>\n\n\n\n<p>Um mein Profil nutzen zu k\u00f6nnen, sollten nun meine Profildaten in die Installation integriert werden. Zus\u00e4tzlich muss DatenMatze gemountet sein, weil dort die lokalen Ordner abgelegt sind. Dazu ist das .thunderbird Verzeichnis in die Sicherung integriert. Dort liegt es als thunderbird Verzeichnis vor und kann in Homeverzeichnis kopiert und mit einem  vorangestellten &#8222;.&#8220; versehen werden. Beim Start von Thunderbird sollte nun die gewohnte Umgebung erscheinen.<\/p>\n<\/div><\/div>\n\n\n\n<div class=\"wp-block-group\"><div class=\"wp-block-group__inner-container is-layout-flow wp-block-group-is-layout-flow\">\n<h3 class=\"wp-block-heading\">BirdTray<\/h3>\n\n\n\n<p>Um Thunderbird immer in der Taskleiste im Zugriff zu haben ist Birdtray ne saubere Sache. Voraussetzungen in meinem Setup: <a href=\"#systemsettings\">Mount Punkte<\/a> m\u00fcssen sauber gesetzt sein und DatenMatze muss bei <a href=\"#loginautostart\">Login<\/a> sauber eingebunden werden.<\/p>\n\n\n\n<blockquote class=\"wp-block-quote is-layout-flow wp-block-quote-is-layout-flow\"><p>apt-get install birdtray<\/p><\/blockquote>\n\n\n\n<p>Hier macht wieder eine individuelle Einrichtung Sinn. Ich habe das einmal zum Anlass genommen, die Verzeichnisse f\u00fcr die verschiedenen Postf\u00e4cher im Thunderbrid umzubenennen, damit ich im Birdtray dann anhand der Mail Ordner eine \u00dcberwachung f\u00fcr relevante Posteing\u00e4nge aktivieren konnte. Das sollzte anhand des Sicherungskonzeptes ja dauerhaft Bestand haben. Also die Einstellungen von birdtray aufrufen und clever einstellen und der Spa\u00df kann losgehen. Autostart \u00fcbrigens nicht einschalten, da birdtray \u00fcber das autostart Script gestartet wird!<\/p>\n<\/div><\/div>\n\n\n\n<div class=\"wp-block-group\"><div class=\"wp-block-group__inner-container is-layout-flow wp-block-group-is-layout-flow\">\n<h3 class=\"wp-block-heading\">BOINC<\/h3>\n\n\n\n<blockquote class=\"wp-block-quote is-layout-flow wp-block-quote-is-layout-flow\"><p>apt in<span data-mce-type=\"bookmark\" id=\"mce_1_start\" data-mce-style=\"overflow:hidden;line-height:0px\" style=\"overflow:hidden;line-height:0px\"><span data-mce-type=\"bookmark\" id=\"mce_1_start\" data-mce-style=\"overflow:hidden;line-height:0px\" style=\"overflow:hidden;line-height:0px\">s<span data-mce-type=\"bookmark\" id=\"mce_1_start\" data-mce-style=\"overflow:hidden;line-height:0px\" style=\"overflow:hidden;line-height:0px\">tall b<span data-mce-type=\"bookmark\" id=\"mce_1_start\" data-mce-style=\"overflow:hidden;line-height:0px\" style=\"overflow:hidden;line-height:0px\"><span data-mce-type=\"bookmark\" id=\"mce_1_start\" data-mce-style=\"overflow:hidden;line-height:0px\" style=\"overflow:hidden;line-height:0px\">oinc<span data-mce-type=\"bookmark\" id=\"mce_1_start\" data-mce-style=\"overflow:hidden;line-height:0px\" style=\"overflow:hidden;line-height:0px\"><\/span><\/span><\/span><\/span><\/span><\/span><\/p><\/blockquote>\n\n\n\n<p>und WorldGrid Account (AmP) wieder aktiviert<br>ACHTUNG! Hatte Probleme mit der ATI Radeon Grafikkarte und habe daher erstmal die GPU Unterst\u00fctzung in den Einstellungen von BOINC deaktiviert.<\/p>\n<\/div><\/div>\n\n\n\n<div class=\"wp-block-group\"><div class=\"wp-block-group__inner-container is-layout-flow wp-block-group-is-layout-flow\">\n<h3 class=\"wp-block-heading\">Whatsapp<\/h3>\n\n\n\n<blockquote class=\"wp-block-quote is-layout-flow wp-block-quote-is-layout-flow\"><p>sudo apt install whatsapp-desktop<\/p><\/blockquote>\n\n\n\n<p>Einrichtung wie \u00fcblich nach Aufruf des Clients mit Handy QR Code. Autostart im Client aktivieren und gut.<\/p>\n<\/div><\/div>\n\n\n\n<div class=\"wp-block-group\"><div class=\"wp-block-group__inner-container is-layout-flow wp-block-group-is-layout-flow\">\n<h3 class=\"wp-block-heading\">VirtualBox<\/h3>\n\n\n\n<blockquote class=\"wp-block-quote is-layout-flow wp-block-quote-is-layout-flow\"><p>sudo apt instal<span data-mce-type=\"bookmark\" id=\"mce_1_start\" data-mce-style=\"overflow:hidden;line-height:0px\" style=\"overflow:hidden;line-height:0px\">l virtualbox virtualbox-ext-pack virtualbox-guest-additions-iso<span data-mce-type=\"bookmark\" id=\"mce_1_start\" data-mce-style=\"overflow:hidden;line-height:0px\" style=\"overflow:hidden;line-height:0px\"><\/span><\/span><\/p><\/blockquote>\n\n\n\n<p>f\u00fcr die Spiele Sessions der Familie installiert<br>dazu auch das Extension Pack f\u00fcr USB Support installiert<br>Die relevanten User sollten in die Gruppe vboxusers aufgenommen werden, damit USB Support (Acronis VM) funktioniert<\/p>\n<\/div><\/div>\n\n\n\n<div class=\"wp-block-group\"><div class=\"wp-block-group__inner-container is-layout-flow wp-block-group-is-layout-flow\">\n<h3 class=\"wp-block-heading\">Synology Note Station<span data-mce-type=\"bookmark\" id=\"mce_1_start\" data-mce-style=\"overflow:hidden;line-height:0px\" style=\"overflow:hidden;line-height:0px\"><\/span><\/h3>\n\n\n\n<p>Runterladen von der Hersteller Website und dann installieren.<\/p>\n<\/div><\/div>\n\n\n\n<div class=\"wp-block-group\"><div class=\"wp-block-group__inner-container is-layout-flow wp-block-group-is-layout-flow\">\n<h3 class=\"wp-block-heading\">Teamviewer<\/h3>\n\n\n\n<p>Wird direkt von der Homepage runter geladen. Download des Pakets nach Downloads (also vorher in der Shell dorthin wechseln):<\/p>\n\n\n\n<blockquote class=\"wp-block-quote is-layout-flow wp-block-quote-is-layout-flow\"><p>wget http<span data-mce-type=\"bookmark\" id=\"mce_1_start\" data-mce-style=\"overflow:hidden;line-height:0px\" style=\"overflow:hidden;line-height:0px\">s:\/\/download.teamviewer.com\/download\/linux\/teamviewer_amd64.deb<\/span><\/p><\/blockquote>\n\n\n\n<p><span data-mce-type=\"bookmark\" id=\"mce_1_start\" data-mce-style=\"overflow:hidden;line-height:0px\" style=\"overflow:hidden;line-height:0px\">und jetzt Installation mit apt:<\/span><\/p>\n\n\n\n<blockquote class=\"wp-block-quote is-layout-flow wp-block-quote-is-layout-flow\"><p><span data-mce-type=\"bookmark\" id=\"mce_1_start\" data-mce-style=\"overflow:hidden;line-height:0px\" style=\"overflow:hidden;line-height:0px\">apt install .\/teamviewer_amd64.deb<\/span><\/p><\/blockquote>\n\n\n\n<p>Zum Schlu\u00df noch mit meinem Kundenkonto anmelden (AmP).<\/p>\n<\/div><\/div>\n\n\n\n<div class=\"wp-block-group\"><div class=\"wp-block-group__inner-container is-layout-flow wp-block-group-is-layout-flow\">\n<h3 class=\"wp-block-heading\">Midnight Commander<\/h3>\n\n\n\n<p>Das ist wieder ein optionales Tool. Damit hat man im terminal nen gut brauchbaren Dateimanager, was hilfreich ist, wenn die GUI mal komplett versagt.<\/p>\n\n\n\n<blockquote class=\"wp-block-quote is-layout-flow wp-block-quote-is-layout-flow\"><p>sudo apt install mc<\/p><\/blockquote>\n\n\n\n<p>Start in einem Terminal einfach mit mc. Mit der Installation erh\u00e4lt man auch den handlichen Editor mcedit als Alternative zum vi.<\/p>\n<\/div><\/div>\n\n\n\n<div class=\"wp-block-group\"><div class=\"wp-block-group__inner-container is-layout-flow wp-block-group-is-layout-flow\">\n<h3 class=\"wp-block-heading\">gparted<\/h3>\n\n\n\n<p>Optional! Ist halt cool, um Partitions\u00e4nderungen in der GUI vorzunehmen.<\/p>\n\n\n\n<blockquote class=\"wp-block-quote is-layout-flow wp-block-quote-is-layout-flow\"><p>sudo <span data-mce-type=\"bookmark\" id=\"mce_1_start\" data-mce-style=\"overflow:hidden;line-height:0px\" style=\"overflow:hidden;line-height:0px\"><span data-mce-type=\"bookmark\" id=\"mce_1_start\" data-mce-style=\"overflow:hidden;line-height:0px\" style=\"overflow:hidden;line-height:0px\"><span data-mce-type=\"bookmark\" id=\"mce_1_start\" data-mce-style=\"overflow:hidden;line-height:0px\" style=\"overflow:hidden;line-height:0px\"><span data-mce-type=\"bookmark\" id=\"mce_1_start\" data-mce-style=\"overflow:hidden;line-height:0px\" style=\"overflow:hidden;line-height:0px\">apt install gparted<\/span><\/span><\/span><\/span><\/p><\/blockquote>\n<\/div><\/div>\n","protected":false},"excerpt":{"rendered":"<p>So diesmal neue Linux Version 20.3 von Mint. Auch ein leichter Fehler mit der Grafikkarte hat mich dann in die Entscheidung gedr\u00fcckt, das ganze nicht als Update, sondern als Neuinstallation durch zu ziehen. Grunds\u00e4tzliche Parameter: BootEFI Partition \u00fcbernommen (inkl. der M\u00f6glichkeit Win10 zu starten) 40 Gigabyte Root Partition ca. 50 GByte Homes Partition neu hinzugekommen in 02\/2022 ist eine Partition boinc, die per fstab automatisch in va\/lib\/boinc-client eingebunden wird vorhandene&hellip;<\/p>\n","protected":false},"author":1,"featured_media":0,"parent":391,"menu_order":1,"comment_status":"closed","ping_status":"closed","template":"","meta":{"footnotes":""},"class_list":["post-389","page","type-page","status-publish","hentry"],"_links":{"self":[{"href":"https:\/\/www.kastens.net\/WPSub\/dokumentation\/index.php?rest_route=\/wp\/v2\/pages\/389","targetHints":{"allow":["GET"]}}],"collection":[{"href":"https:\/\/www.kastens.net\/WPSub\/dokumentation\/index.php?rest_route=\/wp\/v2\/pages"}],"about":[{"href":"https:\/\/www.kastens.net\/WPSub\/dokumentation\/index.php?rest_route=\/wp\/v2\/types\/page"}],"author":[{"embeddable":true,"href":"https:\/\/www.kastens.net\/WPSub\/dokumentation\/index.php?rest_route=\/wp\/v2\/users\/1"}],"replies":[{"embeddable":true,"href":"https:\/\/www.kastens.net\/WPSub\/dokumentation\/index.php?rest_route=%2Fwp%2Fv2%2Fcomments&post=389"}],"version-history":[{"count":34,"href":"https:\/\/www.kastens.net\/WPSub\/dokumentation\/index.php?rest_route=\/wp\/v2\/pages\/389\/revisions"}],"predecessor-version":[{"id":467,"href":"https:\/\/www.kastens.net\/WPSub\/dokumentation\/index.php?rest_route=\/wp\/v2\/pages\/389\/revisions\/467"}],"up":[{"embeddable":true,"href":"https:\/\/www.kastens.net\/WPSub\/dokumentation\/index.php?rest_route=\/wp\/v2\/pages\/391"}],"wp:attachment":[{"href":"https:\/\/www.kastens.net\/WPSub\/dokumentation\/index.php?rest_route=%2Fwp%2Fv2%2Fmedia&parent=389"}],"curies":[{"name":"wp","href":"https:\/\/api.w.org\/{rel}","templated":true}]}}