{"id":27,"date":"2020-11-01T13:38:42","date_gmt":"2020-11-01T13:38:42","guid":{"rendered":"https:\/\/kastens.net\/WPSub\/dokumentation\/?page_id=27"},"modified":"2020-11-02T03:39:54","modified_gmt":"2020-11-02T03:39:54","slug":"plan-neuinstallation","status":"publish","type":"page","link":"https:\/\/www.kastens.net\/WPSub\/dokumentation\/?page_id=27","title":{"rendered":"Plan Neuinstallation"},"content":{"rendered":"\n<h2 class=\"wp-block-heading\" id=\"beforereset\">Vor dem Zur\u00fccksetzen<\/h2>\n\n\n\n<ol class=\"wp-block-list\"><li>Volumes auf neuen Speicherpool verschieben<\/li><li>Dokumentation der Umgebung<\/li><li>Pr\u00fcfung, ob der gemeinsame Ordner Steuer gel\u00f6scht werden kann, da dieser inzwischen als LUN zur Verf\u00fcgung steht. Falls o.k. L\u00f6schung des Ordners und der darauf basierenden Hyperbackup Aufgabe<\/li><li>manuelles Backup der MariaDB Datenbanken und Ablage in der Freigabe &#8222;Datensicherung&#8220;<\/li><li>aktuelle Sicherung erzeugen (siehe Sicherungskonzept)<\/li><\/ol>\n\n\n\n<h2 class=\"wp-block-heading\">Nach dem Zur\u00fccksetzen<\/h2>\n\n\n\n<ol class=\"wp-block-list\"><li>Volume f\u00fcr Installation von Paketen im Paket Zentrum setzen<\/li><li>ssh aktivieren, um @appstore und Datenablage der Pakete zu \u00fcberwachen<\/li><li>Installation Virenscanner (direkt als erstes, weil ich damit in der laufenden Umgebung Probleme hatte)<\/li><li>Pr\u00fcfen ob Installation Zertifikat f\u00fcr Zugriff von aussen i.O. oder vorab so etwas wie Webstation installiert werden muss.<\/li><li>Installation Hyperbackup und Import der bestehenden Sicherung f\u00fcr Systemdaten<\/li><li>R\u00fccksicherung wichtiger Pakete<ol><li>Hyper Backup, damit alle Backup wieder zugreifbar sind<\/li><li>LDAP Server<\/li><li>DNS Server<\/li><\/ol><\/li><li>Berechtigungehn der LDAP User glatt ziehen<\/li><li>Hyperbackup: 0 Systemdaten: Volume 1 und 2 entfernen<\/li><li>Volume 5 l\u00f6schen, sobald LUN auf neuem Volume aus Sicherung hergestellt wurde<\/li><li>Volume 6 l\u00f6schen sobald DS zufriedenstellen l\u00e4uft (altes Systemvolume)<\/li><li>Datensicherung f\u00fcr Steuer komplett entfernen (l\u00e4uft \u00fcber LUN Sicherung)<\/li><\/ol>\n\n\n\n<h2 class=\"wp-block-heading\">Zum Schlu\u00df<\/h2>\n\n\n\n<p class=\"has-black-color has-text-color\">Hier offene Themen, die einfach nach und nach abzuarbeiten sind. Die DS ist an diesem Punkt bereits lauff\u00e4hig.<\/p>\n\n\n\n<ul class=\"wp-block-list\"><li>Firewall<\/li><li>Datenflussteuerung<\/li><\/ul>\n","protected":false},"excerpt":{"rendered":"<p>Vor dem Zur\u00fccksetzen Volumes auf neuen Speicherpool verschieben Dokumentation der Umgebung Pr\u00fcfung, ob der gemeinsame Ordner Steuer gel\u00f6scht werden kann, da dieser inzwischen als LUN zur Verf\u00fcgung steht. Falls o.k. L\u00f6schung des Ordners und der darauf basierenden Hyperbackup Aufgabe manuelles Backup der MariaDB Datenbanken und Ablage in der Freigabe &#8222;Datensicherung&#8220; aktuelle Sicherung erzeugen (siehe Sicherungskonzept) Nach dem Zur\u00fccksetzen Volume f\u00fcr Installation von Paketen im Paket Zentrum setzen ssh aktivieren, um&hellip;<\/p>\n","protected":false},"author":1,"featured_media":0,"parent":23,"menu_order":2,"comment_status":"closed","ping_status":"closed","template":"","meta":{"footnotes":""},"class_list":["post-27","page","type-page","status-publish","hentry"],"_links":{"self":[{"href":"https:\/\/www.kastens.net\/WPSub\/dokumentation\/index.php?rest_route=\/wp\/v2\/pages\/27","targetHints":{"allow":["GET"]}}],"collection":[{"href":"https:\/\/www.kastens.net\/WPSub\/dokumentation\/index.php?rest_route=\/wp\/v2\/pages"}],"about":[{"href":"https:\/\/www.kastens.net\/WPSub\/dokumentation\/index.php?rest_route=\/wp\/v2\/types\/page"}],"author":[{"embeddable":true,"href":"https:\/\/www.kastens.net\/WPSub\/dokumentation\/index.php?rest_route=\/wp\/v2\/users\/1"}],"replies":[{"embeddable":true,"href":"https:\/\/www.kastens.net\/WPSub\/dokumentation\/index.php?rest_route=%2Fwp%2Fv2%2Fcomments&post=27"}],"version-history":[{"count":12,"href":"https:\/\/www.kastens.net\/WPSub\/dokumentation\/index.php?rest_route=\/wp\/v2\/pages\/27\/revisions"}],"predecessor-version":[{"id":127,"href":"https:\/\/www.kastens.net\/WPSub\/dokumentation\/index.php?rest_route=\/wp\/v2\/pages\/27\/revisions\/127"}],"up":[{"embeddable":true,"href":"https:\/\/www.kastens.net\/WPSub\/dokumentation\/index.php?rest_route=\/wp\/v2\/pages\/23"}],"wp:attachment":[{"href":"https:\/\/www.kastens.net\/WPSub\/dokumentation\/index.php?rest_route=%2Fwp%2Fv2%2Fmedia&parent=27"}],"curies":[{"name":"wp","href":"https:\/\/api.w.org\/{rel}","templated":true}]}}