{"id":252,"date":"2021-01-18T14:12:23","date_gmt":"2021-01-18T14:12:23","guid":{"rendered":"https:\/\/kastens.net\/WPSub\/dokumentation\/?page_id=252"},"modified":"2022-10-27T06:08:48","modified_gmt":"2022-10-27T06:08:48","slug":"netzwerk","status":"publish","type":"page","link":"https:\/\/www.kastens.net\/WPSub\/dokumentation\/?page_id=252","title":{"rendered":"Netzwerk"},"content":{"rendered":"\n<h2 class=\"wp-block-heading\">DHCP<\/h2>\n\n\n\n<p>Ein Release ala ipconfig \/release erreicht man unter Linus mit<\/p>\n\n\n\n<pre class=\"wp-block-code\"><code>sudo dhclient -r<\/code><\/pre>\n\n\n\n<p>Das erneute beziehen von IP Informationen per DHCP l\u00e4uft dann \u00fcber<\/p>\n\n\n\n<pre class=\"wp-block-code\"><code>sudo dhclient<\/code><\/pre>\n\n\n\n<p>Sinnvollerweise gibt man die Schnittstelle mit an und den Parameter -v, um Details zu erfahren. Beispiel auf meinem Mint f\u00fcr &#8222;Release und danach Renew&#8220;:<\/p>\n\n\n\n<pre class=\"wp-block-code\"><code>sudo dhclient -r -v enp3s0<br>sudo dhclient -v enp3s0<\/code><\/pre>\n\n\n\n<h2 class=\"wp-block-heading\">Interfaceoperationen<\/h2>\n\n\n\n<pre class=\"wp-block-code\"><code>ifdown eth0<br>ifup eth0<\/code><\/pre>\n\n\n\n<p>Ich denke soweit selbsterkl\u00e4rend. Und dann gibt es teilweise spezielle Befehle in bestimmten Distributionen. Hier Beispiele:<\/p>\n\n\n\n<pre class=\"wp-block-code\"><code>\/etc\/init.d\/network restart<br>\/etc\/init.d\/networking restart<\/code><\/pre>\n\n\n\n<h2 class=\"wp-block-heading\">Welcher DNS Resolver wird genutzt?<\/h2>\n\n\n\n<p>Man pr\u00fcft mit folgendem Befehl, was auf Port 53 lauscht:<\/p>\n\n\n\n<pre class=\"wp-block-code\"><code>sudo lsof -i :53 -S<\/code><\/pre>\n\n\n\n<p>Ein typisches Ergebnis bei Mint 20:<\/p>\n\n\n\n<pre class=\"wp-block-code\"><code>COMMAND PID USER FD TYPE DEVICE SIZE\/OFF NODE NAME<br>systemd-r 856 systemd-resolve 12u IPv4 25117 0t0 UDP localhost:domain<br>systemd-r 856 systemd-resolve 13u IPv4 25118 0t0 TCP localhost:domain (LISTEN)<\/code><\/pre>\n\n\n\n<p>In der ersten Spalte ist systemd-r zu erkennen, was in der dritten Spalte mit systemd-resolve noch genauer dargestellt wird.<\/p>\n\n\n\n<h2 class=\"wp-block-heading\">Namenaufl\u00f6sung &#8211; Status ermitteln<\/h2>\n\n\n\n<p>mit folgendem Befehl bekommt man einen guten \u00dcberblick zur Namensaufl\u00f6sung und den benutzten DNS Servern:<\/p>\n\n\n\n<pre class=\"wp-block-code\"><code>resolvectl status<\/code><\/pre>\n\n\n\n<h2 class=\"wp-block-heading\">Namensaufl\u00f6sung &#8211; Cache l\u00f6schen<\/h2>\n\n\n\n<pre class=\"wp-block-code\"><code>sudo resolvectl flush-caches<\/code><\/pre>\n\n\n\n<p>Es gibt keine explizite R\u00fcckmeldung, aber im Ergebnis erreicht das das Gleiche wie ipconfig \/flushdns unter Windows.<\/p>\n\n\n\n<h2 class=\"wp-block-heading\">Namensaufl\u00f6sung &#8211; Cache pr\u00fcfen<\/h2>\n\n\n\n<pre class=\"wp-block-code\"><code>sudo resolvectl flush-caches<\/code><\/pre>\n\n\n\n<p>Vergleicht man die Anzeige direkt vor und nach der L\u00f6schung des Caches, so sieht man an der Gr\u00f6\u00dfe die Ver\u00e4nderung.<\/p>\n\n\n\n<h2 class=\"wp-block-heading\">Der Network Manager<\/h2>\n\n\n\n<p>Der Network Manager ist bei neueren Distributionen oftmals der Standard zur Einstellung der Netzwerkparameter. Da steckt viel Automatik drin und der ist auch nicht schlecht. Wenn man aber gezielt Netzwerkkonfigurationen ausprobieren m\u00f6chte, kann er hinderlich sein. Daher:<\/p>\n\n\n\n<h3 class=\"wp-block-heading\">Deaktivierung (tempor\u00e4r)<\/h3>\n\n\n\n<pre class=\"wp-block-code\"><code>sudo systemctl stop NetworkManager.service<\/code><\/pre>\n\n\n\n<h3 class=\"wp-block-heading\">Deaktivierung permanent<\/h3>\n\n\n\n<pre class=\"wp-block-code\"><code>sudo systemctl disable NetworkManager.service<\/code><\/pre>\n\n\n\n<h2 class=\"wp-block-heading\">arp Tabelle<\/h2>\n\n\n\n<p>Anzeigen der ARP table (also Zuordnung IP Adressen zu MAC Adressen):<\/p>\n\n\n\n<pre class=\"wp-block-code\"><code>arp -a<\/code><\/pre>\n\n\n\n<p>Eine etwas detaillierter Variante:<\/p>\n\n\n\n<pre class=\"wp-block-code\"><code>ip neigh show<\/code><\/pre>\n\n\n\n<p>Was auch in diese Richtung geht, wo ich aber den Sinn noch nicht so Recht verstanden habe:<\/p>\n\n\n\n<pre class=\"wp-block-code\"><code>bridge fdb show<\/code><\/pre>\n","protected":false},"excerpt":{"rendered":"<p>DHCP Ein Release ala ipconfig \/release erreicht man unter Linus mit Das erneute beziehen von IP Informationen per DHCP l\u00e4uft dann \u00fcber Sinnvollerweise gibt man die Schnittstelle mit an und den Parameter -v, um Details zu erfahren. Beispiel auf meinem Mint f\u00fcr &#8222;Release und danach Renew&#8220;: Interfaceoperationen Ich denke soweit selbsterkl\u00e4rend. Und dann gibt es teilweise spezielle Befehle in bestimmten Distributionen. Hier Beispiele: Welcher DNS Resolver wird genutzt? Man pr\u00fcft&hellip;<\/p>\n","protected":false},"author":1,"featured_media":0,"parent":103,"menu_order":2,"comment_status":"closed","ping_status":"closed","template":"","meta":{"footnotes":""},"class_list":["post-252","page","type-page","status-publish","hentry"],"_links":{"self":[{"href":"https:\/\/www.kastens.net\/WPSub\/dokumentation\/index.php?rest_route=\/wp\/v2\/pages\/252","targetHints":{"allow":["GET"]}}],"collection":[{"href":"https:\/\/www.kastens.net\/WPSub\/dokumentation\/index.php?rest_route=\/wp\/v2\/pages"}],"about":[{"href":"https:\/\/www.kastens.net\/WPSub\/dokumentation\/index.php?rest_route=\/wp\/v2\/types\/page"}],"author":[{"embeddable":true,"href":"https:\/\/www.kastens.net\/WPSub\/dokumentation\/index.php?rest_route=\/wp\/v2\/users\/1"}],"replies":[{"embeddable":true,"href":"https:\/\/www.kastens.net\/WPSub\/dokumentation\/index.php?rest_route=%2Fwp%2Fv2%2Fcomments&post=252"}],"version-history":[{"count":7,"href":"https:\/\/www.kastens.net\/WPSub\/dokumentation\/index.php?rest_route=\/wp\/v2\/pages\/252\/revisions"}],"predecessor-version":[{"id":478,"href":"https:\/\/www.kastens.net\/WPSub\/dokumentation\/index.php?rest_route=\/wp\/v2\/pages\/252\/revisions\/478"}],"up":[{"embeddable":true,"href":"https:\/\/www.kastens.net\/WPSub\/dokumentation\/index.php?rest_route=\/wp\/v2\/pages\/103"}],"wp:attachment":[{"href":"https:\/\/www.kastens.net\/WPSub\/dokumentation\/index.php?rest_route=%2Fwp%2Fv2%2Fmedia&parent=252"}],"curies":[{"name":"wp","href":"https:\/\/api.w.org\/{rel}","templated":true}]}}