{"id":23,"date":"2020-11-01T13:10:16","date_gmt":"2020-11-01T13:10:16","guid":{"rendered":"https:\/\/kastens.net\/WPSub\/dokumentation\/?page_id=23"},"modified":"2020-11-01T14:52:13","modified_gmt":"2020-11-01T14:52:13","slug":"ausgangssituation-neuinstallation-01-11-2020","status":"publish","type":"page","link":"https:\/\/www.kastens.net\/WPSub\/dokumentation\/?page_id=23","title":{"rendered":"Neuinstallation 01.11.2020"},"content":{"rendered":"\n<p>Auf der Diskstation war ein Raid 1 etabliert mit 2 Platten. Ich hatte f\u00fcr Kolle eine dritte Platte besorgt, die ebenfalls 4 GB umfasste. Diese sollte in die Remoate DS vom Typ DS-209.<\/p>\n\n\n\n<p>Ich hatte dann die glorreiche Idee, die Platte mal vorher bei mir zu pr\u00fcfen und auch Performance Daten zu sammeln. Die bereits installierten Platten waren:<\/p>\n\n\n\n<ul class=\"wp-block-list\"><li>2 x Seagate ST4000VN008-2DR166<\/li><\/ul>\n\n\n\n<p>Neu f\u00fcr Kolle hatte ich eine (kompatible)<\/p>\n\n\n\n<ul class=\"wp-block-list\"><li>WDC WD40EFAX-68JH4N0<\/li><\/ul>\n\n\n\n<p>die etwas g\u00fcnstiger war, aber auch mit gro\u00dfem Cache von 64 GB daher kam. Meine Tests sollten sp\u00e4ter ergeben, dass scheinbar die Seagate Platten etwas performanter sind. Ich hatte n\u00e4mlich bei Nutzung der Drive Station das Problem, dass die Auslastung der Festplatten immer wieder sehr hoch war. Die WDC war aber nochmals deutlich mehr ausgelastet als die Seagates.<\/p>\n\n\n\n<p>Zum Testen habe ich dann die WDC einfach mit in das Raid 1 integriert und somit hatte ich dann ein Raid 1 mit 3 Platten. Das geschah in der Annahme, dass ich die Platte auch ohne Probleme wieder entfernen k\u00f6nnte. Das geht nat\u00fcrlich auch und das RAID l\u00e4uft auch mit 2 Platten weiter, aber die DS meckert dann fortan \u00fcber ein unvollst\u00e4ndiges RAID. Support kontaktiert und man meinte, das k\u00f6nnte man nur \u00e4ndern, indem man ein neues RAID aufbaut.<\/p>\n\n\n\n<p>Das und die Probleme mit dem Paket &#8222;Drive&#8220; &#8211; genauer gesagt mit der Tatsache, dass alle Freigaben von Drive automatisch \u00fcber Universal Search indiziert werden &#8211; haben mich jetzt an diesen Punkt gef\u00fchrt und ich musste f\u00fcr Kolle auch eine zweite Platte besorgen, weil inzwischen beide alten Platten Fehler angeben.<\/p>\n\n\n\n<p>N\u00e4chster (und derzeit letzter) Grund: Ich konnte Antivirus Esential nicht zum laufen bekommen. Ich gehe derzeit davon aus, dass auch hier ein Problem mit der Indizierung das Gesamtsystem einfach soweit ausbremste, dass nix mehr zu retten war.<\/p>\n","protected":false},"excerpt":{"rendered":"<p>Auf der Diskstation war ein Raid 1 etabliert mit 2 Platten. Ich hatte f\u00fcr Kolle eine dritte Platte besorgt, die ebenfalls 4 GB umfasste. Diese sollte in die Remoate DS vom Typ DS-209. Ich hatte dann die glorreiche Idee, die Platte mal vorher bei mir zu pr\u00fcfen und auch Performance Daten zu sammeln. Die bereits installierten Platten waren: 2 x Seagate ST4000VN008-2DR166 Neu f\u00fcr Kolle hatte ich eine (kompatible) WDC&hellip;<\/p>\n","protected":false},"author":1,"featured_media":0,"parent":12,"menu_order":1,"comment_status":"closed","ping_status":"closed","template":"","meta":{"footnotes":""},"class_list":["post-23","page","type-page","status-publish","hentry"],"_links":{"self":[{"href":"https:\/\/www.kastens.net\/WPSub\/dokumentation\/index.php?rest_route=\/wp\/v2\/pages\/23","targetHints":{"allow":["GET"]}}],"collection":[{"href":"https:\/\/www.kastens.net\/WPSub\/dokumentation\/index.php?rest_route=\/wp\/v2\/pages"}],"about":[{"href":"https:\/\/www.kastens.net\/WPSub\/dokumentation\/index.php?rest_route=\/wp\/v2\/types\/page"}],"author":[{"embeddable":true,"href":"https:\/\/www.kastens.net\/WPSub\/dokumentation\/index.php?rest_route=\/wp\/v2\/users\/1"}],"replies":[{"embeddable":true,"href":"https:\/\/www.kastens.net\/WPSub\/dokumentation\/index.php?rest_route=%2Fwp%2Fv2%2Fcomments&post=23"}],"version-history":[{"count":5,"href":"https:\/\/www.kastens.net\/WPSub\/dokumentation\/index.php?rest_route=\/wp\/v2\/pages\/23\/revisions"}],"predecessor-version":[{"id":52,"href":"https:\/\/www.kastens.net\/WPSub\/dokumentation\/index.php?rest_route=\/wp\/v2\/pages\/23\/revisions\/52"}],"up":[{"embeddable":true,"href":"https:\/\/www.kastens.net\/WPSub\/dokumentation\/index.php?rest_route=\/wp\/v2\/pages\/12"}],"wp:attachment":[{"href":"https:\/\/www.kastens.net\/WPSub\/dokumentation\/index.php?rest_route=%2Fwp%2Fv2%2Fmedia&parent=23"}],"curies":[{"name":"wp","href":"https:\/\/api.w.org\/{rel}","templated":true}]}}