{"id":211,"date":"2021-01-16T07:39:57","date_gmt":"2021-01-16T07:39:57","guid":{"rendered":"https:\/\/kastens.net\/WPSub\/dokumentation\/?page_id=211"},"modified":"2021-01-16T07:45:53","modified_gmt":"2021-01-16T07:45:53","slug":"systembereinigung","status":"publish","type":"page","link":"https:\/\/www.kastens.net\/WPSub\/dokumentation\/?page_id=211","title":{"rendered":"Systembereinigung"},"content":{"rendered":"\n<h2 class=\"wp-block-heading\">APT Bereinigung<\/h2>\n\n\n\n<ul class=\"wp-block-list\"><li>Nicht genutzte Bibliotheken und alte Kernel deinstallieren:<br>sudo apt-get autoremove<\/li><li>APT Cache Gr\u00f6\u00dfe pr\u00fcfen:<br>sudo du -sh \/var\/cache\/apt<\/li><li>Bereinigung des APT Cache f\u00fcr \u00fcberfl\u00fcssige Pakete:<br>sudo apt-get autoclean<\/li><li>Etwas weiter gehen und den gesamten Cache l\u00f6schen (erforderliche Sachen werden dann halt nachtr\u00e4glich neu aufgebaut):<br>sudo apt-get clean<\/li><\/ul>\n\n\n\n<h2 class=\"wp-block-heading\">alte Linux Kernel<\/h2>\n\n\n\n<ul class=\"wp-block-list\"><li>Finden<br>sudo dpkg &#8211;list &#8218;linux-image*&#8216;<\/li><li>Deinstallieren kann man diese unter Mint sinnvollerweise mit der Aktualisierungsverwaltung. Dort im Men\u00fc Ansicht auf Kernel gehen und die \u00e4lteren Kernel entfernen. Ca. 2 Kernel sollte man neben dem aktiven Kernel behalten<\/li><\/ul>\n\n\n\n<h2 class=\"wp-block-heading\">Bleachbit<\/h2>\n\n\n\n<p>Das ist ein Tool, welches \u00fcber die Aktualisierungsverwaltung zur Verf\u00fcgung steht. Damit lassen sich diverse Optimierungen vornehmen. Sollte man entsprechend umsichtig verwenden.<\/p>\n\n\n\n<h2 class=\"wp-block-heading\">Thumbnail Cache<\/h2>\n\n\n\n<ul class=\"wp-block-list\"><li>Gr\u00f6\u00dfe pr\u00fcfen<br>du -sh ~\/.cache\/thumbnails<\/li><li>laptop-r00214sq\\mykas<\/li><\/ul>\n","protected":false},"excerpt":{"rendered":"<p>APT Bereinigung Nicht genutzte Bibliotheken und alte Kernel deinstallieren:sudo apt-get autoremove APT Cache Gr\u00f6\u00dfe pr\u00fcfen:sudo du -sh \/var\/cache\/apt Bereinigung des APT Cache f\u00fcr \u00fcberfl\u00fcssige Pakete:sudo apt-get autoclean Etwas weiter gehen und den gesamten Cache l\u00f6schen (erforderliche Sachen werden dann halt nachtr\u00e4glich neu aufgebaut):sudo apt-get clean alte Linux Kernel Findensudo dpkg &#8211;list &#8218;linux-image*&#8216; Deinstallieren kann man diese unter Mint sinnvollerweise mit der Aktualisierungsverwaltung. Dort im Men\u00fc Ansicht auf Kernel gehen und&hellip;<\/p>\n","protected":false},"author":1,"featured_media":0,"parent":103,"menu_order":1,"comment_status":"closed","ping_status":"closed","template":"","meta":{"footnotes":""},"class_list":["post-211","page","type-page","status-publish","hentry"],"_links":{"self":[{"href":"https:\/\/www.kastens.net\/WPSub\/dokumentation\/index.php?rest_route=\/wp\/v2\/pages\/211","targetHints":{"allow":["GET"]}}],"collection":[{"href":"https:\/\/www.kastens.net\/WPSub\/dokumentation\/index.php?rest_route=\/wp\/v2\/pages"}],"about":[{"href":"https:\/\/www.kastens.net\/WPSub\/dokumentation\/index.php?rest_route=\/wp\/v2\/types\/page"}],"author":[{"embeddable":true,"href":"https:\/\/www.kastens.net\/WPSub\/dokumentation\/index.php?rest_route=\/wp\/v2\/users\/1"}],"replies":[{"embeddable":true,"href":"https:\/\/www.kastens.net\/WPSub\/dokumentation\/index.php?rest_route=%2Fwp%2Fv2%2Fcomments&post=211"}],"version-history":[{"count":1,"href":"https:\/\/www.kastens.net\/WPSub\/dokumentation\/index.php?rest_route=\/wp\/v2\/pages\/211\/revisions"}],"predecessor-version":[{"id":212,"href":"https:\/\/www.kastens.net\/WPSub\/dokumentation\/index.php?rest_route=\/wp\/v2\/pages\/211\/revisions\/212"}],"up":[{"embeddable":true,"href":"https:\/\/www.kastens.net\/WPSub\/dokumentation\/index.php?rest_route=\/wp\/v2\/pages\/103"}],"wp:attachment":[{"href":"https:\/\/www.kastens.net\/WPSub\/dokumentation\/index.php?rest_route=%2Fwp%2Fv2%2Fmedia&parent=211"}],"curies":[{"name":"wp","href":"https:\/\/api.w.org\/{rel}","templated":true}]}}