{"id":201,"date":"2021-01-10T18:38:17","date_gmt":"2021-01-10T18:38:17","guid":{"rendered":"https:\/\/kastens.net\/WPSub\/dokumentation\/?page_id=201"},"modified":"2021-12-03T08:36:23","modified_gmt":"2021-12-03T08:36:23","slug":"putty","status":"publish","type":"page","link":"https:\/\/www.kastens.net\/WPSub\/dokumentation\/?page_id=201","title":{"rendered":"Putty"},"content":{"rendered":"\n<h2 class=\"wp-block-heading\">Putty ist<\/h2>\n\n\n\n<p>Eine sehr flexible Terminalemulation. Damit kann man Console Verbindungen genauso herstellen, wie beispielsweise telnet oder ssh sessions. Zus\u00e4tzlich kann man mit Putty auch Tunnelkonstellationen einrichten, wo sessions \u00fcber entfernte Rechner zu weiteren Rechnern hergestellt werden k\u00f6nnen. Man hat die M\u00f6glichkeit sehr viele Parameter einzurichten und bspw. den Output der Terminalsession komplett in eine Datei zu schreiben.<\/p>\n\n\n\n<p>Nachfolgend werden einige interessante Schalter und Optionen beschrieben<\/p>\n\n\n\n<h3 class=\"wp-block-heading\">Zahlen auf dem Nummernblock im Editor vi nutzen<\/h3>\n\n\n\n<p>Unter Terminal -&gt; Features findet man daf\u00fcr &#8222;Disable application keypad mode&#8220; Wenn man den Haken setzt funktioniert das Numpad im vi.<\/p>\n","protected":false},"excerpt":{"rendered":"<p>Putty ist Eine sehr flexible Terminalemulation. Damit kann man Console Verbindungen genauso herstellen, wie beispielsweise telnet oder ssh sessions. Zus\u00e4tzlich kann man mit Putty auch Tunnelkonstellationen einrichten, wo sessions \u00fcber entfernte Rechner zu weiteren Rechnern hergestellt werden k\u00f6nnen. Man hat die M\u00f6glichkeit sehr viele Parameter einzurichten und bspw. den Output der Terminalsession komplett in eine Datei zu schreiben. Nachfolgend werden einige interessante Schalter und Optionen beschrieben Zahlen auf dem Nummernblock&hellip;<\/p>\n","protected":false},"author":1,"featured_media":0,"parent":98,"menu_order":20,"comment_status":"closed","ping_status":"closed","template":"","meta":{"footnotes":""},"class_list":["post-201","page","type-page","status-publish","hentry"],"_links":{"self":[{"href":"https:\/\/www.kastens.net\/WPSub\/dokumentation\/index.php?rest_route=\/wp\/v2\/pages\/201","targetHints":{"allow":["GET"]}}],"collection":[{"href":"https:\/\/www.kastens.net\/WPSub\/dokumentation\/index.php?rest_route=\/wp\/v2\/pages"}],"about":[{"href":"https:\/\/www.kastens.net\/WPSub\/dokumentation\/index.php?rest_route=\/wp\/v2\/types\/page"}],"author":[{"embeddable":true,"href":"https:\/\/www.kastens.net\/WPSub\/dokumentation\/index.php?rest_route=\/wp\/v2\/users\/1"}],"replies":[{"embeddable":true,"href":"https:\/\/www.kastens.net\/WPSub\/dokumentation\/index.php?rest_route=%2Fwp%2Fv2%2Fcomments&post=201"}],"version-history":[{"count":3,"href":"https:\/\/www.kastens.net\/WPSub\/dokumentation\/index.php?rest_route=\/wp\/v2\/pages\/201\/revisions"}],"predecessor-version":[{"id":370,"href":"https:\/\/www.kastens.net\/WPSub\/dokumentation\/index.php?rest_route=\/wp\/v2\/pages\/201\/revisions\/370"}],"up":[{"embeddable":true,"href":"https:\/\/www.kastens.net\/WPSub\/dokumentation\/index.php?rest_route=\/wp\/v2\/pages\/98"}],"wp:attachment":[{"href":"https:\/\/www.kastens.net\/WPSub\/dokumentation\/index.php?rest_route=%2Fwp%2Fv2%2Fmedia&parent=201"}],"curies":[{"name":"wp","href":"https:\/\/api.w.org\/{rel}","templated":true}]}}