{"id":12,"date":"2020-11-01T05:45:22","date_gmt":"2020-11-01T05:45:22","guid":{"rendered":"https:\/\/kastens.net\/WPSub\/dokumentation\/?page_id=12"},"modified":"2021-12-03T08:35:00","modified_gmt":"2021-12-03T08:35:00","slug":"diskstation-ds416j","status":"publish","type":"page","link":"https:\/\/www.kastens.net\/WPSub\/dokumentation\/?page_id=12","title":{"rendered":"Diskstation DS416j"},"content":{"rendered":"\n<p>An dieser Seite werden Dinge rund um unsere privat betriebene Diskstation dokumentiert. Passw\u00f6rter werden nat\u00fcrlich nicht im Web publiziert, aber die Installationsreiehenfolge, Abh\u00e4ngigkeiten und das &#8222;Warum&#8220; soll hier erkl\u00e4rt werden. Warum mache welche Dinge in der Art.<\/p>\n\n\n\n<p>Dies soll vor allen Dingen helfen, wenn einmal ein Desaster oder einfach eine normale Neuinstallation ansteht. Wobei normale Neuinstallation in dem Zusammenhang eigentlich schon krde ist. So ein System sollte man einmal aufstetzen und dann \u00fcber Jahre (abgesehen von Updates) laufen lassen k\u00f6nnen. Aber da ich in 2020 jetzt zum 2. Mal von vorne anfange (gl\u00fccklicherweise hatte ich beim letzten Mal schon eine Doku in Form einer Word Datei angelegt), scheint mir das Ganze doch sehr sinnvoll zu sein.<\/p>\n","protected":false},"excerpt":{"rendered":"<p>An dieser Seite werden Dinge rund um unsere privat betriebene Diskstation dokumentiert. Passw\u00f6rter werden nat\u00fcrlich nicht im Web publiziert, aber die Installationsreiehenfolge, Abh\u00e4ngigkeiten und das &#8222;Warum&#8220; soll hier erkl\u00e4rt werden. Warum mache welche Dinge in der Art. Dies soll vor allen Dingen helfen, wenn einmal ein Desaster oder einfach eine normale Neuinstallation ansteht. Wobei normale Neuinstallation in dem Zusammenhang eigentlich schon krde ist. So ein System sollte man einmal aufstetzen&hellip;<\/p>\n","protected":false},"author":1,"featured_media":0,"parent":98,"menu_order":15,"comment_status":"closed","ping_status":"closed","template":"","meta":{"footnotes":""},"class_list":["post-12","page","type-page","status-publish","hentry"],"_links":{"self":[{"href":"https:\/\/www.kastens.net\/WPSub\/dokumentation\/index.php?rest_route=\/wp\/v2\/pages\/12","targetHints":{"allow":["GET"]}}],"collection":[{"href":"https:\/\/www.kastens.net\/WPSub\/dokumentation\/index.php?rest_route=\/wp\/v2\/pages"}],"about":[{"href":"https:\/\/www.kastens.net\/WPSub\/dokumentation\/index.php?rest_route=\/wp\/v2\/types\/page"}],"author":[{"embeddable":true,"href":"https:\/\/www.kastens.net\/WPSub\/dokumentation\/index.php?rest_route=\/wp\/v2\/users\/1"}],"replies":[{"embeddable":true,"href":"https:\/\/www.kastens.net\/WPSub\/dokumentation\/index.php?rest_route=%2Fwp%2Fv2%2Fcomments&post=12"}],"version-history":[{"count":1,"href":"https:\/\/www.kastens.net\/WPSub\/dokumentation\/index.php?rest_route=\/wp\/v2\/pages\/12\/revisions"}],"predecessor-version":[{"id":13,"href":"https:\/\/www.kastens.net\/WPSub\/dokumentation\/index.php?rest_route=\/wp\/v2\/pages\/12\/revisions\/13"}],"up":[{"embeddable":true,"href":"https:\/\/www.kastens.net\/WPSub\/dokumentation\/index.php?rest_route=\/wp\/v2\/pages\/98"}],"wp:attachment":[{"href":"https:\/\/www.kastens.net\/WPSub\/dokumentation\/index.php?rest_route=%2Fwp%2Fv2%2Fmedia&parent=12"}],"curies":[{"name":"wp","href":"https:\/\/api.w.org\/{rel}","templated":true}]}}